{"id":10123,"date":"2025-05-03T19:58:21","date_gmt":"2025-05-03T12:58:21","guid":{"rendered":"https:\/\/hoanghxn.com\/?page_id=10123"},"modified":"2025-08-05T07:26:28","modified_gmt":"2025-08-05T00:26:28","slug":"hxn-notes","status":"publish","type":"page","link":"https:\/\/hoanghxn.com\/vi\/hxn-notes\/","title":{"rendered":"HXN Notes"},"content":{"rendered":"\n<div class=\"wp-block-group blockera-block blockera-block-k6z4tl has-palette-color-6-background-color has-background is-layout-constrained wp-container-core-group-is-layout-d9bc20eb wp-block-group-is-layout-constrained\" style=\"border-radius:16px;margin-top:30px;padding-top:100px;padding-right:100px;padding-bottom:100px;padding-left:100px;background-image:url(&apos;https:\/\/hoanghxn.com\/wp-content\/uploads\/bg-hoang-hxn-2024.webp&apos;);background-position:50% 50%;background-size:cover;\">\n<div class=\"wp-block-columns blockera-block blockera-block-1e9ewpg is-layout-flex wp-container-core-columns-is-layout-5e804f18 wp-block-columns-is-layout-flex\" style=\"margin-bottom:0px\">\n<div class=\"blockera-block blockera-block-1fiprzy wp-block-column is-layout-flow wp-block-column-is-layout-flow\" style=\"flex-basis:36%\">\n<div class=\"wp-block-group blockera-block blockera-block-uoaepi is-vertical is-layout-flex wp-container-core-group-is-layout-fe9cc265 wp-block-group-is-layout-flex\">\n<figure class=\"wp-block-image size-full blockera-block blockera-block-1tghzab\"><img loading=\"lazy\" decoding=\"async\" width=\"954\" height=\"988\" src=\"https:\/\/hoanghxn.com\/wp-content\/uploads\/2025\/04\/hoang-hxn-avata-thu-hut-1.webp\" alt=\"Hoang Hxn\" class=\"wp-image-269\" srcset=\"https:\/\/hoanghxn.com\/wp-content\/uploads\/2025\/04\/hoang-hxn-avata-thu-hut-1.webp 954w, https:\/\/hoanghxn.com\/wp-content\/uploads\/2025\/04\/hoang-hxn-avata-thu-hut-1-290x300.webp 290w, https:\/\/hoanghxn.com\/wp-content\/uploads\/2025\/04\/hoang-hxn-avata-thu-hut-1-768x795.webp 768w\" sizes=\"auto, (max-width: 954px) 100vw, 954px\" \/><\/figure>\n<\/div>\n<\/div>\n\n\n\n<div class=\"blockera-block blockera-block-cucghk wp-block-column is-vertically-aligned-center is-layout-flow wp-block-column-is-layout-flow\" style=\"flex-basis:60%\">\n<div class=\"wp-block-group blockera-block blockera-block-1qjauwg has-text-color has-link-color wp-elements-423d3a0e979449603ace81f38315ea0d is-vertical is-layout-flex wp-container-core-group-is-layout-fe9cc265 wp-block-group-is-layout-flex\" style=\"color:#ffffff\">\n<h1 class=\"wp-block-heading has-text-align-left blockera-block blockera-block-sk8nj7 has-link-color wp-elements-349c4f659fc87308b0eb0fe08b01d7f0\" style=\"font-size:clamp(30.693px, 1.918rem + ((1vw - 3.2px) * 1.821), 54px);font-style:normal;font-weight:500;line-height:1\">Nh\u1eadn nh\u1eadt k\u00fd <strong>HXN<\/strong> h\u00e0ng tu\u1ea7n ngay.<\/h1>\n\n\n\n<p class=\"has-text-align-left blockera-block blockera-block-1rpx1vv has-link-color\" style=\"font-size:clamp(18.959px, 1.185rem + ((1vw - 3.2px) * 0.863), 30px);line-height:1.4\">N\u1ebfu b\u1ea1n \u0111ang <strong>kh\u1edfi nghi\u1ec7p \u0111\u1ed9c l\u1eadp<\/strong> v\u00e0 mu\u1ed1n s\u1ed1ng t\u1ef1 do, m\u1ed7i tu\u1ea7n m\u00ecnh s\u1ebd g\u1eedi \u0111\u1ebfn b\u1ea1n nh\u1eefng chi\u1ebfn l\u01b0\u1ee3c \u0111\u00e3 ki\u1ec3m ch\u1ee9ng v\u1ec1 <strong>kinh doanh s\u1ed1<\/strong>, <strong>n\u0103ng su\u1ea5t th\u00f4ng minh<\/strong> v\u00e0 <strong>t\u01b0 duy ph\u00e1t tri\u1ec3n<\/strong>.<\/p>\n\n\n\n<div class=\"wp-block-group blockera-block blockera-block-1y6lzev is-layout-constrained wp-block-group-is-layout-constrained\"><p>[fluentform id=&#8221;7&#8243;]<\/p>\n<\/div>\n\n\n\n<div class=\"wp-block-group blockera-block blockera-block-1pzdvgy is-vertical is-content-justification-space-between is-layout-flex wp-container-core-group-is-layout-cae0f882 wp-block-group-is-layout-flex\">\n<p class=\"blockera-block blockera-block-j0iv7x has-palette-color-9-color has-text-color has-link-color wp-elements-3784865b774dcb9ea49c5f194199c940\" style=\"font-size:14px\">Khi \u0111\u0103ng k\u00fd, b\u1ea1n s\u1ebd nh\u1eadn b\u1ea3n tin mi\u1ec5n ph\u00ed h\u1eb1ng tu\u1ea7n t\u1eeb m\u00ecnh. \u0110\u00f4i khi m\u00ecnh s\u1ebd gi\u1edbi thi\u1ec7u m\u1ed9t v\u00e0i c\u00f4ng c\u1ee5, s\u00e1ch ho\u1eb7c kh\u00f3a h\u1ecdc c\u1ee7a m\u00ecnh \u2014 lu\u00f4n v\u1edbi s\u1ef1 minh b\u1ea1ch v\u00e0 ch\u00e2n th\u00e0nh. B\u1ea1n c\u00f3 th\u1ec3 h\u1ee7y \u0111\u0103ng k\u00fd b\u1ea5t c\u1ee9 l\u00fac n\u00e0o m\u00e0 kh\u00f4ng c\u1ea7n ng\u1ea1i ng\u00f9ng g\u00ec \ud83d\ude09 N\u1ebfu b\u1ea1n th\u00edch \u0111\u1ecdc, \u0111\u00e2y l\u00e0 ch\u00ednh s\u00e1ch quy\u1ec1n ri\u00eang t\u01b0.<\/p>\n<\/div>\n<\/div>\n<\/div>\n<\/div>\n<\/div>\n\n\n\n<div class=\"wp-block-group blockera-block blockera-block-hrgeud is-layout-constrained wp-container-core-group-is-layout-4a98bd10 wp-block-group-is-layout-constrained\" style=\"padding-top:100px;padding-right:100px;padding-bottom:20px;padding-left:100px\">\n<div class=\"wp-block-group alignfull is-layout-constrained wp-container-core-group-is-layout-19e250f3 wp-block-group-is-layout-constrained\">\n<div class=\"wp-block-group alignwide is-layout-constrained wp-container-core-group-is-layout-43b5a0ef wp-block-group-is-layout-constrained\">\n<h2 class=\"wp-block-heading has-text-align-center\" style=\"font-size:clamp(1.245rem, 1.245rem + ((1vw - 0.2rem) * 0.931), 1.99rem);font-style:normal;font-weight:600\">Tham gia c\u00f9ng h\u01a1n 2.000 \u0111\u1ed9c gi\u1ea3 th\u00e2n thi\u1ec7n<\/h2>\n<\/div>\n\n\n\n<div style=\"height:50px\" aria-hidden=\"true\" class=\"wp-block-spacer\"><\/div>\n\n\n\n<div class=\"wp-block-group alignwide is-layout-constrained wp-block-group-is-layout-constrained\">\n<div class=\"wp-block-columns alignwide is-layout-flex wp-container-core-columns-is-layout-6af434f4 wp-block-columns-is-layout-flex\">\n<div class=\"wp-block-column is-layout-flow wp-container-core-column-is-layout-7d8b29ad wp-block-column-is-layout-flow\">\n<div class=\"wp-block-group blockera-block blockera-block-16ofgkl has-palette-color-4-color has-palette-color-6-background-color has-text-color has-background has-link-color wp-elements-7d71b6e06f13eeb3e2194fad9cc19e18 is-layout-constrained wp-container-core-group-is-layout-b6d104ad wp-block-group-is-layout-constrained\" style=\"border-radius:6px;padding-top:1.1rem;padding-right:1.1rem;padding-bottom:1.1rem;padding-left:1.1rem\">\n<div class=\"wp-block-group is-content-justification-left is-nowrap is-layout-flex wp-container-core-group-is-layout-a2487645 wp-block-group-is-layout-flex\">\n<figure class=\"wp-block-image size-full is-resized has-custom-border\"><img loading=\"lazy\" decoding=\"async\" width=\"160\" height=\"160\" src=\"https:\/\/hoanghxn.com\/wp-content\/uploads\/ngo-van-cong-tikiuni-avata.webp\" alt=\"Ng\u00f4 V\u0103n c\u00f4ng - Em H\u1ecdc\" class=\"wp-image-221\" style=\"border-radius:100px;object-fit:cover;width:60px;height:60px\" srcset=\"https:\/\/hoanghxn.com\/wp-content\/uploads\/ngo-van-cong-tikiuni-avata.webp 160w, https:\/\/hoanghxn.com\/wp-content\/uploads\/ngo-van-cong-tikiuni-avata-150x150.webp 150w\" sizes=\"auto, (max-width: 160px) 100vw, 160px\" \/><\/figure>\n\n\n\n<div class=\"wp-block-group is-vertical is-layout-flex wp-container-core-group-is-layout-c174c011 wp-block-group-is-layout-flex\">\n<p style=\"font-style:normal;font-weight:500\">Ng\u00f4 V\u0103n c\u00f4ng<\/p>\n<\/div>\n<\/div>\n\n\n\n<p class=\"blockera-block blockera-block-t2ehbl has-link-color\"><strong>B\u1ea3n tin HXN Notes<\/strong> \u0111\u00e3 t\u1ea1o ra \u1ea3nh h\u01b0\u1edfng r\u00f5 r\u1ec7t \u0111\u1ebfn cu\u1ed9c s\u1ed1ng c\u1ee7a t\u00f4i trong su\u1ed1t 4 n\u0103m qua. Nh\u1eefng chia s\u1ebb s\u00e2u s\u1eafc c\u1ee7a anh \u1ea5y \u0111\u00e3 gi\u00fap t\u00f4i m\u1edf r\u1ed9ng g\u00f3c nh\u00ecn v\u1ec1 nhi\u1ec1u ch\u1ee7 \u0111\u1ec1 kh\u00e1c nhau, \u0111\u1eb7c bi\u1ec7t l\u00e0 v\u1ec1 n\u0103ng su\u1ea5t, h\u1ecdc t\u1eadp v\u00e0 s\u00e1ng t\u1ea1o n\u1ed9i dung.<\/p>\n<\/div>\n\n\n\n<div class=\"wp-block-group blockera-block blockera-block-1pqcer1 has-palette-color-4-color has-palette-color-6-background-color has-text-color has-background has-link-color wp-elements-45299271cd176b0d43dc42043011b97b is-layout-constrained wp-container-core-group-is-layout-b6d104ad wp-block-group-is-layout-constrained\" style=\"border-radius:6px;padding-top:1.1rem;padding-right:1.1rem;padding-bottom:1.1rem;padding-left:1.1rem\">\n<div class=\"wp-block-group is-content-justification-left is-nowrap is-layout-flex wp-container-core-group-is-layout-a2487645 wp-block-group-is-layout-flex\">\n<figure class=\"wp-block-image size-full is-resized has-custom-border\"><img loading=\"lazy\" decoding=\"async\" width=\"100\" height=\"100\" src=\"https:\/\/hoanghxn.com\/wp-content\/uploads\/2025\/05\/hoang-hxn-user-liam-davis.png\" alt=\"Hoang Hxn User Liam Davis\" class=\"wp-image-9251\" style=\"border-radius:100px;object-fit:cover;width:60px;height:60px\"\/><\/figure>\n\n\n\n<div class=\"wp-block-group is-vertical is-layout-flex wp-container-core-group-is-layout-c174c011 wp-block-group-is-layout-flex\">\n<p style=\"font-style:normal;font-weight:500\">Liam Davis<\/p>\n<\/div>\n<\/div>\n\n\n\n<p class=\"blockera-block blockera-block-rb15c4 has-link-color\">HXN Notes l\u00e0 m\u1ed9t c\u00e1ch tuy\u1ec7t v\u1eddi kh\u00e1c \u0111\u1ec3 b\u1ea1n chia s\u1ebb nh\u1eefng tr\u1ea3i nghi\u1ec7m v\u00e0 g\u00f3c nh\u00ecn c\u1ee7a m\u00ecnh. T\u00ednh c\u00e1ch h\u00f2a nh\u00e3 v\u00e0 d\u1ec5 m\u1ebfn c\u1ee7a b\u1ea1n \u0111\u01b0\u1ee3c th\u1ec3 hi\u1ec7n trong b\u1ea3n tin n\u00e0y c\u0169ng r\u00f5 r\u00e0ng nh\u01b0 trong c\u00e1c video b\u1ea1n l\u00e0m. \u0110i\u1ec3m kh\u00e1c bi\u1ec7t l\u1edbn nh\u1ea5t \u0111\u1ed1i v\u1edbi t\u00f4i l\u00e0 t\u00f4i c\u00f3 th\u1ec3 d\u1ec5 d\u00e0ng d\u1eebng l\u1ea1i \u0111\u1ec3 suy ng\u1eabm ho\u1eb7c \u0111\u00e1nh d\u1ea5u l\u1ea1i nh\u1eefng th\u00f4ng tin quan tr\u1ecdng.<\/p>\n<\/div>\n<\/div>\n\n\n\n<div class=\"wp-block-column is-layout-flow wp-container-core-column-is-layout-7d8b29ad wp-block-column-is-layout-flow\">\n<div class=\"wp-block-group blockera-block blockera-block-zbh9je has-palette-color-4-color has-palette-color-6-background-color has-text-color has-background has-link-color wp-elements-2c59290cda3995aa9dbf9889a1a2c618 is-layout-constrained wp-container-core-group-is-layout-b6d104ad wp-block-group-is-layout-constrained\" style=\"border-radius:6px;padding-top:1.1rem;padding-right:1.1rem;padding-bottom:1.1rem;padding-left:1.1rem\">\n<div class=\"wp-block-group is-content-justification-left is-nowrap is-layout-flex wp-container-core-group-is-layout-a2487645 wp-block-group-is-layout-flex\">\n<figure class=\"wp-block-image size-full is-resized has-custom-border\"><img loading=\"lazy\" decoding=\"async\" width=\"160\" height=\"160\" src=\"https:\/\/hoanghxn.com\/wp-content\/uploads\/Tu-Michael-kiem-tien-cham-avata-2024.webp\" alt=\"\" class=\"wp-image-219\" style=\"border-radius:100px;object-fit:cover;width:60px;height:60px\" srcset=\"https:\/\/hoanghxn.com\/wp-content\/uploads\/Tu-Michael-kiem-tien-cham-avata-2024.webp 160w, https:\/\/hoanghxn.com\/wp-content\/uploads\/Tu-Michael-kiem-tien-cham-avata-2024-150x150.webp 150w\" sizes=\"auto, (max-width: 160px) 100vw, 160px\" \/><\/figure>\n\n\n\n<div class=\"wp-block-group is-vertical is-layout-flex wp-container-core-group-is-layout-c174c011 wp-block-group-is-layout-flex\">\n<p style=\"font-style:normal;font-weight:500\">T\u00fa Micheal &#8211; KTC<\/p>\n<\/div>\n<\/div>\n\n\n\n<p class=\"blockera-block blockera-block-rb15c4 has-link-color\">\u0110\u00e2y l\u00e0 b\u1ea3n tin duy nh\u1ea5t m\u00e0 t\u00f4i c\u00f2n nh\u1eadn. T\u1ea5t c\u1ea3 nh\u1eefng b\u1ea3n tin kh\u00e1c khi\u1ebfn t\u00f4i c\u1ea3m th\u1ea5y \u201cqu\u00e1 t\u1ea3i email\u201d v\u00e0 ph\u1ea7n l\u1edbn ch\u1ec9 mu\u1ed1n l\u1ea5y th\u1eddi gian v\u00e0 s\u1ef1 ch\u00fa \u00fd c\u1ee7a t\u00f4i. Ri\u00eang email c\u1ee7a b\u1ea1n th\u00ec t\u00f4i lu\u00f4n mong ch\u1edd \u2013 ch\u00fang lu\u00f4n th\u00fa v\u1ecb, s\u00e2u s\u1eafc, g\u1ea7n g\u0169i v\u00e0 r\u1ea5t d\u1ec5 \u0111\u1ecdc.<\/p>\n<\/div>\n\n\n\n<div class=\"wp-block-group blockera-block blockera-block-1pll2pq has-palette-color-4-color has-palette-color-6-background-color has-text-color has-background has-link-color wp-elements-2f82730713009ff94642728143deb95e is-layout-constrained wp-container-core-group-is-layout-b6d104ad wp-block-group-is-layout-constrained\" style=\"border-radius:6px;padding-top:1.1rem;padding-right:1.1rem;padding-bottom:1.1rem;padding-left:1.1rem\">\n<div class=\"wp-block-group is-content-justification-left is-nowrap is-layout-flex wp-container-core-group-is-layout-a2487645 wp-block-group-is-layout-flex\">\n<figure class=\"wp-block-image size-full is-resized has-custom-border\"><img loading=\"lazy\" decoding=\"async\" width=\"100\" height=\"100\" src=\"https:\/\/hoanghxn.com\/wp-content\/uploads\/2025\/05\/hoang-hxn-user-mason-anderson.png\" alt=\"\" class=\"wp-image-9254\" style=\"border-radius:100px;object-fit:cover;width:60px;height:60px\"\/><\/figure>\n\n\n\n<div class=\"wp-block-group is-vertical is-layout-flex wp-container-core-group-is-layout-c174c011 wp-block-group-is-layout-flex\">\n<p style=\"font-style:normal;font-weight:500\">Mason Anderson<\/p>\n<\/div>\n<\/div>\n\n\n\n<p class=\"blockera-block blockera-block-rb15c4 has-link-color\">Su\u1ed1t 4\u20135 n\u0103m qua, l\u00fd do ch\u00ednh khi\u1ebfn t\u00f4i lu\u00f4n s\u1eb5n s\u00e0ng \u0111\u1ecdc b\u1ea3n tin n\u00e0y l\u00e0 v\u00ec n\u00f3 th\u1ef1c s\u1ef1 g\u1ea7n g\u0169i. T\u00f4i lu\u00f4n mong ch\u1edd \u0111\u01b0\u1ee3c bi\u1ebft Ho\u00e0ng Hxn v\u1eeba h\u1ecdc \u0111\u01b0\u1ee3c \u0111i\u1ec1u g\u00ec m\u1edbi, hay chi\u00eam nghi\u1ec7m th\u00eam b\u00e0i h\u1ecdc s\u1ed1ng n\u00e0o. S\u1ef1 ch\u00e2n th\u00e0nh c\u1ee7a anh \u1ea5y khi\u1ebfn m\u1ed7i l\u1ea7n \u0111\u1ecdc \u0111\u1ec1u \u0111\u00e1ng gi\u00e1.<\/p>\n<\/div>\n<\/div>\n\n\n\n<div class=\"wp-block-column is-layout-flow wp-container-core-column-is-layout-7d8b29ad wp-block-column-is-layout-flow\">\n<div class=\"wp-block-group blockera-block blockera-block-ckrg5f has-palette-color-4-color has-palette-color-6-background-color has-text-color has-background has-link-color wp-elements-9ddf2777362be89a82d327b0eb5b1226 is-layout-constrained wp-container-core-group-is-layout-b6d104ad wp-block-group-is-layout-constrained\" style=\"border-radius:6px;padding-top:1.1rem;padding-right:1.1rem;padding-bottom:1.1rem;padding-left:1.1rem\">\n<div class=\"wp-block-group is-content-justification-left is-nowrap is-layout-flex wp-container-core-group-is-layout-a2487645 wp-block-group-is-layout-flex\">\n<figure class=\"wp-block-image size-full is-resized has-custom-border\"><img loading=\"lazy\" decoding=\"async\" width=\"160\" height=\"160\" src=\"https:\/\/hoanghxn.com\/wp-content\/uploads\/nguyen-thanh-dong-yourhomes-avata.webp\" alt=\"\" class=\"wp-image-220\" style=\"border-radius:100px;object-fit:cover;width:60px;height:60px\" srcset=\"https:\/\/hoanghxn.com\/wp-content\/uploads\/nguyen-thanh-dong-yourhomes-avata.webp 160w, https:\/\/hoanghxn.com\/wp-content\/uploads\/nguyen-thanh-dong-yourhomes-avata-150x150.webp 150w\" sizes=\"auto, (max-width: 160px) 100vw, 160px\" \/><\/figure>\n\n\n\n<div class=\"wp-block-group is-vertical is-layout-flex wp-container-core-group-is-layout-c174c011 wp-block-group-is-layout-flex\">\n<p style=\"font-style:normal;font-weight:500\">Nguy\u1ec5n Th\u00e0nh \u0110\u1ed3ng<\/p>\n<\/div>\n<\/div>\n\n\n\n<p class=\"blockera-block blockera-block-rb15c4 has-link-color\">T\u00f4i r\u1ea5t th\u00edch nh\u1eadn HXN Notes t\u1eeb b\u1ea1n v\u00e0 Ali. N\u00f3 mang \u0111\u1ebfn cho t\u00f4i nh\u1eefng g\u00f3c nh\u00ecn m\u1edbi v\u1ec1 c\u00e1ch s\u1eed d\u1ee5ng th\u1eddi gian hi\u1ec7u qu\u1ea3 h\u01a1n. T\u00f4i c\u0169ng r\u1ea5t th\u00edch \u0111\u01b0\u1ee3c nghe v\u1ec1 nh\u1eefng \u0111i\u1ec1u m\u1edbi m\u00e0 Ho\u00e0ng Hxn \u0111ang h\u1ecdc v\u00e0 c\u00e1ch anh \u1ea5y chia s\u1ebb l\u1ea1i nh\u1eefng \u0111i\u1ec1u \u0111\u00f3 trong b\u1ea3n tin.<\/p>\n<\/div>\n\n\n\n<div class=\"wp-block-group blockera-block blockera-block-n57x9s has-palette-color-4-color has-palette-color-6-background-color has-text-color has-background has-link-color wp-elements-a23d594df1dea5e9ade86109d6ab256c is-layout-constrained wp-container-core-group-is-layout-b6d104ad wp-block-group-is-layout-constrained\" style=\"border-radius:6px;padding-top:1.1rem;padding-right:1.1rem;padding-bottom:1.1rem;padding-left:1.1rem\">\n<div class=\"wp-block-group is-content-justification-left is-nowrap is-layout-flex wp-container-core-group-is-layout-a2487645 wp-block-group-is-layout-flex\">\n<figure class=\"wp-block-image size-full is-resized has-custom-border\"><img loading=\"lazy\" decoding=\"async\" width=\"100\" height=\"100\" src=\"https:\/\/hoanghxn.com\/wp-content\/uploads\/2025\/05\/hoang-hxn-user-paul.png\" alt=\"\" class=\"wp-image-9256\" style=\"border-radius:100px;object-fit:cover;width:60px;height:60px\"\/><\/figure>\n\n\n\n<div class=\"wp-block-group is-vertical is-layout-flex wp-container-core-group-is-layout-c174c011 wp-block-group-is-layout-flex\">\n<p style=\"font-style:normal;font-weight:500\">Paul<\/p>\n<\/div>\n<\/div>\n\n\n\n<p class=\"blockera-block blockera-block-rb15c4 has-link-color\">B\u1ea1n \u0111ang l\u00e0m m\u1ed9t c\u00f4ng vi\u1ec7c tuy\u1ec7t v\u1eddi. M\u1ed7i khi c\u1ea3m th\u1ea5y hoang mang, t\u00f4i l\u1ea1i m\u1edf \u1ee9ng d\u1ee5ng Gmail \u0111\u1ec3 t\u00ecm email c\u1ee7a b\u1ea1n \u2013 v\u00e0 sau khi \u0111\u1ecdc xong, c\u1ea3 tu\u1ea7n c\u1ee7a t\u00f4i nh\u01b0 b\u1eebng s\u00e1ng.<\/p>\n<\/div>\n<\/div>\n<\/div>\n<\/div>\n\n\n\n<div style=\"height:50px\" aria-hidden=\"true\" class=\"wp-block-spacer\"><\/div>\n<\/div>\n<\/div>\n","protected":false},"excerpt":{"rendered":"<p>Nh\u1eadn nh\u1eadt k\u00fd HXN h\u00e0ng tu\u1ea7n ngay. N\u1ebfu b\u1ea1n \u0111ang kh\u1edfi nghi\u1ec7p \u0111\u1ed9c l\u1eadp v\u00e0 mu\u1ed1n s\u1ed1ng t\u1ef1 do, m\u1ed7i tu\u1ea7n m\u00ecnh s\u1ebd g\u1eedi \u0111\u1ebfn b\u1ea1n nh\u1eefng chi\u1ebfn l\u01b0\u1ee3c \u0111\u00e3 ki\u1ec3m ch\u1ee9ng v\u1ec1 kinh doanh s\u1ed1, n\u0103ng su\u1ea5t th\u00f4ng minh v\u00e0 t\u01b0 duy ph\u00e1t tri\u1ec3n. Khi \u0111\u0103ng k\u00fd, b\u1ea1n s\u1ebd nh\u1eadn b\u1ea3n tin mi\u1ec5n ph\u00ed [&hellip;]<\/p>\n","protected":false},"author":1,"featured_media":0,"parent":0,"menu_order":0,"comment_status":"closed","ping_status":"closed","template":"","meta":{"_seopress_robots_primary_cat":"","_seopress_titles_title":"","_seopress_titles_desc":"","_seopress_robots_index":"","footnotes":""},"coauthors":[17],"class_list":["post-10123","page","type-page","status-publish","hentry"],"blocksy_meta":{"has_hero_section":"disabled","vertical_spacing_source":"custom","content_area_spacing":"none","styles_descriptor":{"styles":{"desktop":"[data-prefix=\"single_page\"] {background-color:var(--theme-palette-color-8);background-image:none;}","tablet":"","mobile":""},"google_fonts":[],"version":6},"disable_featured_image":"yes","disable_share_box":"yes","header_scripts":"<style>\n.full-height {height: 100%}\npre.wp-block-code {\n    font-family: 'Inter';\n}\n<\/style>","background":{"background_type":"color","background_pattern":"type-1","background_image":{"attachment_id":null,"x":0,"y":0},"gradient":"linear-gradient(135deg,rgba(6,147,227,1) 0%,rgb(155,81,224) 100%)","background_repeat":"repeat","background_size":"auto","background_attachment":"scroll","patternColor":{"default":{"color":"#e5e7ea"}},"overlayColor":{"default":{"color":"CT_CSS_SKIP_RULE"}},"backgroundColor":{"default":{"color":"var(--theme-palette-color-8)"}}}},"ase":null,"_links":{"self":[{"href":"https:\/\/hoanghxn.com\/vi\/wp-json\/wp\/v2\/pages\/10123","targetHints":{"allow":["GET"]}}],"collection":[{"href":"https:\/\/hoanghxn.com\/vi\/wp-json\/wp\/v2\/pages"}],"about":[{"href":"https:\/\/hoanghxn.com\/vi\/wp-json\/wp\/v2\/types\/page"}],"author":[{"embeddable":true,"href":"https:\/\/hoanghxn.com\/vi\/wp-json\/wp\/v2\/users\/1"}],"replies":[{"embeddable":true,"href":"https:\/\/hoanghxn.com\/vi\/wp-json\/wp\/v2\/comments?post=10123"}],"version-history":[{"count":9,"href":"https:\/\/hoanghxn.com\/vi\/wp-json\/wp\/v2\/pages\/10123\/revisions"}],"predecessor-version":[{"id":10170,"href":"https:\/\/hoanghxn.com\/vi\/wp-json\/wp\/v2\/pages\/10123\/revisions\/10170"}],"wp:attachment":[{"href":"https:\/\/hoanghxn.com\/vi\/wp-json\/wp\/v2\/media?parent=10123"}],"wp:term":[{"taxonomy":"author","embeddable":true,"href":"https:\/\/hoanghxn.com\/vi\/wp-json\/wp\/v2\/coauthors?post=10123"}],"curies":[{"name":"wp","href":"https:\/\/api.w.org\/{rel}","templated":true}]}}