{"id":13121,"date":"2026-02-01T15:47:16","date_gmt":"2026-02-01T08:47:16","guid":{"rendered":"https:\/\/hoanghxn.com\/?page_id=13121"},"modified":"2026-03-25T16:41:18","modified_gmt":"2026-03-25T09:41:18","slug":"ban-do","status":"publish","type":"page","link":"https:\/\/hoanghxn.com\/vi\/ban-do\/","title":{"rendered":"T\u1ea3i B\u1ea3n \u0110\u1ed3 L\u00c0-C\u00d3-L\u00c0M: 3 B\u01b0\u1edbc Tho\u00e1t V\u00f2ng L\u1eb7p Ki\u1ec7t S\u1ee9c"},"content":{"rendered":"\n<div class=\"wp-block-group alignfull is-layout-constrained wp-block-group-is-layout-constrained\">\n<div class=\"wp-block-group is-layout-constrained wp-block-group-is-layout-constrained\">\n<h1 class=\"wp-block-heading blockera-block blockera-block--310gcy\" style=\"font-size:clamp(17.905px, 1.119rem + ((1vw - 3.2px) * 0.789), 28px);line-height:1.4\">D\u1eeaNG B\u00c1N S\u1ee8C LAO \u0110\u1ed8NG.<\/h1>\n\n\n\n<p><strong>\u0110\u00e3 \u0111\u1ebfn l\u00fac \u0111\u1eadp tan &#8220;nh\u00e0 t\u00f9&#8221; mang t\u00ean T\u1ef1 Do.<\/strong><\/p>\n<\/div>\n\n\n\n<div class=\"wp-block-group blockera-block blockera-block-c3q1c1 is-layout-constrained wp-container-core-group-is-layout-334a2726 wp-block-group-is-layout-constrained\">\n<p>Ch\u00e0o b\u1ea1n, t\u00f4i l\u00e0 Ho\u00e0ng Hxn.<\/p>\n\n\n\n<figure class=\"wp-block-image size-full has-custom-border blockera-block blockera-block-1lfi1v5\" style=\"padding-top:20px;padding-bottom:20px\"><img loading=\"lazy\" decoding=\"async\" width=\"1200\" height=\"630\" src=\"https:\/\/hoanghxn.com\/wp-content\/uploads\/2025\/12\/hoang-hxn-hanh-trinh.webp\" alt=\"Ho\u00e0ng Hxn - Solopreneur v\u00e0 Ki\u1ebfn tr\u00fac s\u01b0 H\u1ec7 th\u1ed1ng T\u1ef1 do, ng\u01b0\u1eddi \u0111\u00e3 v\u01b0\u1ee3t qua bi\u1ebfn c\u1ed1 t\u1ee5 m\u00e1u n\u00e3o n\u0103m 2011.\" class=\"wp-image-10986\" style=\"border-radius:15px\" srcset=\"https:\/\/hoanghxn.com\/wp-content\/uploads\/2025\/12\/hoang-hxn-hanh-trinh.webp 1200w, https:\/\/hoanghxn.com\/wp-content\/uploads\/2025\/12\/hoang-hxn-hanh-trinh-700x368.webp 700w, https:\/\/hoanghxn.com\/wp-content\/uploads\/2025\/12\/hoang-hxn-hanh-trinh-326x171.webp 326w, https:\/\/hoanghxn.com\/wp-content\/uploads\/2025\/12\/hoang-hxn-hanh-trinh-768x403.webp 768w\" sizes=\"auto, (max-width: 1200px) 100vw, 1200px\" \/><\/figure>\n\n\n\n<p>S\u00e1ng nay th\u1ee9c d\u1eady, vi\u1ec7c \u0111\u1ea7u ti\u00ean b\u1ea1n l\u00e0m kh\u00f4ng ph\u1ea3i l\u00e0 v\u01b0\u01a1n vai h\u00edt th\u1edf. Vi\u1ec7c \u0111\u1ea7u ti\u00ean b\u1ea1n l\u00e0m l\u00e0 t\u1ef1 tay nh\u1ea5c l\u00ean m\u1ed9t vi\u00ean g\u1ea1ch n\u1eb7ng tr\u1ecbch c\u00f3 kh\u1eafc ch\u1eef: <strong>&#8220;L\u00c0M&#8221;<\/strong>.<\/p>\n\n\n\n<p>Vi\u00ean g\u1ea1ch \u0111\u00f3 l\u00e0 g\u00ec?<\/p>\n\n\n\n<ul class=\"wp-block-list\">\n<li>L\u00e0 m\u1ed9t b\u00e0i \u0111\u0103ng b\u1ea1n ph\u1ea3i v\u1eaft \u00f3c n\u1eb7n ra \u0111\u1ec3 &#8220;nu\u00f4i&#8221; thu\u1eadt to\u00e1n.<\/li>\n\n\n\n<li>L\u00e0 tin nh\u1eafn h\u1ed1i th\u00fac t\u1eeb m\u1ed9t kh\u00e1ch h\u00e0ng m\u00e0 b\u1ea1n ph\u1ea3i c\u1eafn r\u0103ng &#8220;chi\u1ec1u l\u00f2ng&#8221;.<\/li>\n\n\n\n<li>L\u00e0 ca t\u01b0 v\u1ea5n 1:1 v\u1eaft ki\u1ec7t ch\u00fat n\u0103ng l\u01b0\u1ee3ng cu\u1ed1i c\u00f9ng c\u1ee7a m\u1ed9t ng\u01b0\u1eddi v\u1ed1n ch\u1ec9 th\u00edch s\u1ef1 t\u0129nh l\u1eb7ng.<\/li>\n\n\n\n<li>L\u00e0 c\u1ea3m gi\u00e1c tr\u1ed1ng r\u1ed7ng khi ph\u1ea3i g\u1ed3ng m\u00ecnh di\u1ec5n vai &#8220;chuy\u00ean gia n\u0103ng l\u01b0\u1ee3ng ng\u00fat ng\u00e0n&#8221; tr\u00ean m\u1ea1ng x\u00e3 h\u1ed9i.<\/li>\n<\/ul>\n\n\n\n<p>T\u1eeb s\u00e1ng s\u1edbm \u0111\u1ebfn \u0111\u00eam mu\u1ed9n, b\u1ea1n c\u1eb7m c\u1ee5i x\u1ebfp t\u1eebng vi\u00ean g\u1ea1ch \u0111\u00f3 l\u00ean nhau. B\u1ea1n tr\u00e9t v\u1eefa b\u1eb1ng s\u1ef1 ki\u00ean nh\u1eabn \u0111\u00e3 c\u1ea1n ki\u1ec7t v\u00e0 nh\u1eefng ng\u00e0y cu\u1ed1i tu\u1ea7n l\u1ee1 h\u1eb9n v\u1edbi gia \u0111\u00ecnh. C\u1ee9 m\u1ed7i l\u1ea7n b\u1ea1n c\u1ed1 &#8220;L\u00c0M&#8221; th\u00eam ch\u00fat n\u1eefa v\u1edbi hy v\u1ecdng ng\u00e0y mai s\u1ebd t\u1ef1 do h\u01a1n, b\u1ee9c t\u01b0\u1eddng quanh b\u1ea1n l\u1ea1i cao th\u00eam m\u1ed9t t\u1ea5c.<\/p>\n\n\n\n<p>B\u1ea1n r\u1eddi b\u1ecf c\u00f4ng vi\u1ec7c 8 ti\u1ebfng \u1edf v\u0103n ph\u00f2ng \u0111\u1ec3 t\u1ef1 l\u00e0m ch\u1ee7. Nh\u01b0ng h\u00e3y nh\u00ecn xem: <strong>B\u1ea1n v\u1eeba t\u1ef1 tay x\u00e2y m\u1ed9t &#8220;nh\u00e0 t\u00f9&#8221; ho\u00e0n h\u1ea3o.<\/strong> B\u1ea1n \u0111ang l\u00e0m thu\u00ea 24\/7 cho m\u1ed9t \u00f4ng ch\u1ee7 h\u00e0 kh\u1eafc nh\u1ea5t th\u1ebf gi\u1edbi \u2013 ch\u00ednh b\u1ea1n. B\u1ea1n c\u1eb7m c\u1ee5i b\u00e1n m\u00e1u v\u00e0 th\u1eddi gian, nh\u01b0ng ng\u00e0y n\u00e0o b\u1ea1n ng\u1eebng g\u00f5 ph\u00edm, ng\u1eebng n\u00f3i, ng\u1eebng &#8220;L\u00c0M&#8221; \u2013 d\u00f2ng ti\u1ec1n l\u1eadp t\u1ee9c ch\u1ebft \u0111\u1ee9ng.<\/p>\n\n\n\n<figure class=\"wp-block-image size-full has-custom-border blockera-block blockera-block-14rxzkb\" style=\"padding-top:20px;padding-bottom:20px\"><img loading=\"lazy\" decoding=\"async\" width=\"1920\" height=\"1072\" src=\"https:\/\/hoanghxn.com\/wp-content\/uploads\/2026\/03\/solopreneur-tu-xay-nha-tu-kiet-suc-ban-do-la-co-lam.webp\" alt=\"Ng\u01b0\u1eddi t\u1ef1 kinh doanh ki\u1ec7t s\u1ee9c \u0111ang t\u1ef1 x\u00e2y nh\u00e0 t\u00f9 b\u1eb1ng g\u1ea1ch kh\u1eafc ch\u1eef L\u00c0M, C\u1ed0 TH\u00caM, \u0110U\u1ed4I THU\u1eacT TO\u00c1N.\" class=\"wp-image-13977\" style=\"border-radius:10px\" srcset=\"https:\/\/hoanghxn.com\/wp-content\/uploads\/2026\/03\/solopreneur-tu-xay-nha-tu-kiet-suc-ban-do-la-co-lam.webp 1920w, https:\/\/hoanghxn.com\/wp-content\/uploads\/2026\/03\/solopreneur-tu-xay-nha-tu-kiet-suc-ban-do-la-co-lam-700x391.webp 700w, https:\/\/hoanghxn.com\/wp-content\/uploads\/2026\/03\/solopreneur-tu-xay-nha-tu-kiet-suc-ban-do-la-co-lam-1290x720.webp 1290w, https:\/\/hoanghxn.com\/wp-content\/uploads\/2026\/03\/solopreneur-tu-xay-nha-tu-kiet-suc-ban-do-la-co-lam-326x182.webp 326w, https:\/\/hoanghxn.com\/wp-content\/uploads\/2026\/03\/solopreneur-tu-xay-nha-tu-kiet-suc-ban-do-la-co-lam-768x429.webp 768w, https:\/\/hoanghxn.com\/wp-content\/uploads\/2026\/03\/solopreneur-tu-xay-nha-tu-kiet-suc-ban-do-la-co-lam-1536x858.webp 1536w\" sizes=\"auto, (max-width: 1920px) 100vw, 1920px\" \/><figcaption class=\"wp-element-caption\">\u0110\u1eebng t\u1ef1 x\u00e2y nh\u00e0 t\u00f9 b\u1eb1ng s\u1ef1 c\u00e0y cu\u1ed1c v\u00f4 h\u01b0\u1edbng. H\u00e3y kh\u00e1m ph\u00e1 B\u1ea3n \u0111\u1ed3 L\u00c0 &#8211; C\u00d3 &#8211; L\u00c0M \u0111\u1ec3 gi\u1ea3i tho\u00e1t ngay.<\/figcaption><\/figure>\n\n\n\n<p>V\u00e0 b\u1ea1n bi\u1ebft \u0111i\u1ec1u g\u00ec \u0111\u00e1ng s\u1ee3 h\u01a1n c\u1ea3 vi\u1ec7c d\u00f2ng ti\u1ec1n ch\u1ebft \u0111\u1ee9ng kh\u00f4ng? <strong>\u0110\u00f3 l\u00e0 khi c\u01a1 th\u1ec3 b\u1ea1n ch\u1ebft \u0111\u1ee9ng tr\u01b0\u1edbc khi ch\u1ea1m t\u1edbi \u0111\u00edch.<\/strong><\/p>\n\n\n\n<p>B\u1ea1n ngh\u0129 t\u00f4i \u0111ang c\u01b0\u1eddng \u0111i\u1ec7u h\u00f3a \u0111\u1ec3 d\u1ecda b\u1ea1n? Kh\u00f4ng. T\u00f4i \u0111\u00e3 t\u1eebng tr\u1ea3 gi\u00e1 cho s\u1ef1 m\u00f9 qu\u00e1ng n\u00e0y b\u1eb1ng ch\u00ednh m\u1ea1ng s\u1ed1ng c\u1ee7a m\u00ecnh.<\/p>\n\n\n\n<p>N\u0103m 2011, t\u00f4i l\u00e0 m\u1ed9t ng\u01b0\u1eddi l\u00e0m ch\u1ee7 \u0111\u1ea7y ki\u00eau h\u00e3nh. T\u00f4i t\u00f4n th\u1edd s\u1ef1 b\u1eadn r\u1ed9n, c\u00e0y cu\u1ed1c ng\u00e0y \u0111\u00eam, \u0111\u00e1nh \u0111\u1ed5i gi\u1ea5c ng\u1ee7 v\u00e0 s\u1ef1 b\u00ecnh y\u00ean \u0111\u1ec3 l\u1ea5y hai ch\u1eef &#8220;Th\u00e0nh c\u00f4ng&#8221;. K\u1ebft qu\u1ea3? Kh\u00f4ng c\u00f3 vinh quang n\u00e0o c\u1ea3. Ch\u1ec9 c\u00f3 m\u1ed9t c\u01a1n t\u1ee5 m\u00e1u n\u00e3o. T\u1ef7 l\u1ec7 s\u1ed1ng s\u00f3t: <strong>50\/50<\/strong>.<\/p>\n\n\n\n<p>N\u1eb1m b\u1ea5t \u0111\u1ed9ng trong ph\u00f2ng h\u1ed3i s\u1ee9c, nh\u00ecn tr\u1ea7n nh\u00e0 tr\u1eafng to\u00e1t l\u1ea1nh l\u1ebdo, t\u00f4i nh\u1eadn ra m\u1ed9t s\u1ef1 th\u1eadt t\u00e0n nh\u1eabn: N\u1ebfu b\u1ea1n g\u1ee5c ng\u00e3 tr\u00ean h\u00e0nh tr\u00ecnh n\u00e0y, m\u1ecdi vi\u00ean g\u1ea1ch b\u1ea1n c\u1ed1 x\u00e2y \u0111\u1ec1u tr\u1edf n\u00ean v\u00f4 ngh\u0129a. B\u1ea1n kh\u00f4ng ch\u1ea1m t\u1edbi t\u1ef1 do, b\u1ea1n c\u0169ng ch\u1eb3ng \u0111\u1ec3 l\u1ea1i di s\u1ea3n. B\u1ea1n ch\u1ec9 \u0111\u1ec3 l\u1ea1i m\u1ed9t th\u00e2n t\u00e0n ma d\u1ea1i v\u00e0 g\u00e1nh n\u1eb7ng x\u00f3t xa cho nh\u1eefng ng\u01b0\u1eddi \u1edf l\u1ea1i.<\/p>\n\n\n\n<p><strong>S\u1ef1 ch\u0103m ch\u1ec9 m\u00f9 qu\u00e1ng l\u00e0 m\u1ed9t h\u00e0nh \u0111\u1ed9ng t\u1ef1 s\u00e1t ch\u1eadm r\u00e3i.<\/strong><\/p>\n\n\n\n<p>\u0110\u00f3 l\u00e0 kho\u1ea3nh kh\u1eafc t\u00f4i bi\u1ebft m\u00ecnh ph\u1ea3i l\u1eadt ng\u01b0\u1ee3c l\u1ea1i b\u00e0n c\u1edd \u0111\u1ec3 t\u1ef1 c\u1ee9u s\u1ed1ng ch\u00ednh m\u00ecnh. Kh\u00f4ng c\u1ea7n v\u1eaft ki\u1ec7t s\u1ee9c l\u1ef1c, kh\u00f4ng c\u1ea7n b\u00e1n m\u1ea1ng. \u0110\u00e3 \u0111\u1ebfn l\u00fac b\u1ea1n x\u00e2y d\u1ef1ng m\u1ed9t S\u1ef1 Nghi\u1ec7p S\u1ed1 t\u0129nh l\u1eb7ng, thong dong b\u1eb1ng <strong>B\u1ea3n \u0111\u1ed3 L\u00c0 \u2013 C\u00d3 \u2013 L\u00c0M.<\/strong><\/p>\n\n\n\n<figure class=\"wp-block-image size-full has-custom-border blockera-block blockera-block-97v0nz\" style=\"padding-top:20px;padding-bottom:20px\"><img loading=\"lazy\" decoding=\"async\" width=\"1920\" height=\"1047\" src=\"https:\/\/hoanghxn.com\/wp-content\/uploads\/2026\/03\/quy-trinh-la-co-lam-tim-mach-nguon-cho-nguoi-tu-kinh-doanh.webp\" alt=\"S\u01a1 \u0111\u1ed3 infographic h\u01b0\u1edbng d\u1eabn ng\u01b0\u1eddi t\u1ef1 kinh doanh t\u00ecm M\u1ea1ch Ngu\u1ed3n L\u00c0-C\u00d3-L\u00c0M, b\u1eaft \u0111\u1ea7u b\u1eb1ng vi\u1ec7c g\u1ee1 b\u1ecf ch\u1ee9c danh x\u00e3 h\u1ed9i \u0111\u1ec3 \u0111\u1ecbnh v\u1ecb b\u1ea3n th\u00e2n d\u1ef1a tr\u00ean \u0111am m\u00ea, s\u1edf tr\u01b0\u1eddng, nhu c\u1ea7u th\u1ecb tr\u01b0\u1eddng v\u00e0 ngu\u1ed3n thu nh\u1eadp.\" class=\"wp-image-13692\" style=\"border-radius:15px\" srcset=\"https:\/\/hoanghxn.com\/wp-content\/uploads\/2026\/03\/quy-trinh-la-co-lam-tim-mach-nguon-cho-nguoi-tu-kinh-doanh.webp 1920w, https:\/\/hoanghxn.com\/wp-content\/uploads\/2026\/03\/quy-trinh-la-co-lam-tim-mach-nguon-cho-nguoi-tu-kinh-doanh-700x382.webp 700w, https:\/\/hoanghxn.com\/wp-content\/uploads\/2026\/03\/quy-trinh-la-co-lam-tim-mach-nguon-cho-nguoi-tu-kinh-doanh-1290x703.webp 1290w, https:\/\/hoanghxn.com\/wp-content\/uploads\/2026\/03\/quy-trinh-la-co-lam-tim-mach-nguon-cho-nguoi-tu-kinh-doanh-326x178.webp 326w, https:\/\/hoanghxn.com\/wp-content\/uploads\/2026\/03\/quy-trinh-la-co-lam-tim-mach-nguon-cho-nguoi-tu-kinh-doanh-768x419.webp 768w, https:\/\/hoanghxn.com\/wp-content\/uploads\/2026\/03\/quy-trinh-la-co-lam-tim-mach-nguon-cho-nguoi-tu-kinh-doanh-1536x838.webp 1536w\" sizes=\"auto, (max-width: 1920px) 100vw, 1920px\" \/><figcaption class=\"wp-element-caption\">M\u1ea1ch Ngu\u1ed3n c\u1ee7a b\u1ea1n n\u1eb1m t\u1ea1i giao \u0111i\u1ec3m c\u1ee7a \u0110am m\u00ea, S\u1edf tr\u01b0\u1eddng, Kh\u00e1ch c\u1ea7n v\u00e0 Ra ti\u1ec1n.<\/figcaption><\/figure>\n\n\n\n<p>Ch\u00fang ta s\u1ebd \u0111\u1ea3o ng\u01b0\u1ee3c ho\u00e0n to\u00e0n c\u00e1ch b\u1ea1n \u0111ang l\u00e0m vi\u1ec7c:<\/p>\n\n\n\n<p><strong>L\u00c0 (\u0110\u1ecbnh v\u1ecb M\u1ea1ch Ngu\u1ed3n):<\/strong> Ng\u1eebng ch\u1ea1y theo \u0111\u00e1m \u0111\u00f4ng. T\u00ecm ra th\u1ebf m\u1ea1nh \u0111\u1ed9c b\u1ea3n c\u1ee7a b\u1ea1n. <em>K\u1ebft qu\u1ea3:<\/em> Kh\u00e1ch h\u00e0ng m\u1ee5c ti\u00eau t\u1ef1 t\u00ecm \u0111\u1ebfn, b\u1ea1n tho\u00e1t kh\u1ecfi cu\u1ed9c chi\u1ebfn c\u1ea1nh tranh ph\u00e1 gi\u00e1 v\u00e0 kh\u00f4ng bao gi\u1edd ph\u1ea3i ph\u1ee5c v\u1ee5 sai ng\u01b0\u1eddi.<\/p>\n\n\n\n<p><strong>C\u00d3 (Thi\u1ebft l\u1eadp &#8220;B\u1ed9 N\u00e3o S\u1ed1&#8221;):<\/strong> Ng\u1eebng nh\u1edb nh\u1edb qu\u00ean qu\u00ean. X\u00e2y d\u1ef1ng m\u1ed9t th\u01b0 vi\u1ec7n l\u01b0u tr\u1eef \u00fd t\u01b0\u1edfng th\u00f4ng minh. <em>K\u1ebft qu\u1ea3:<\/em> M\u1ed7i khi c\u1ea7n n\u1ed9i dung, b\u1ea1n ch\u1ec9 m\u1ea5t 15 ph\u00fat \u0111\u1ec3 l\u1eafp gh\u00e9p t\u1eeb h\u1ec7 th\u1ed1ng thay v\u00ec ng\u1ed3i c\u1eafn b\u00fat nh\u00ecn m\u00e0n h\u00ecnh tr\u1eafng.<\/p>\n\n\n\n<p><strong>L\u00c0M (\u0110\u00f3ng G\u00f3i & T\u1ef1 \u0110\u1ed9ng H\u00f3a):<\/strong> Ng\u1eebng b\u00e1n th\u1eddi gian l\u1ea5y ti\u1ec1n l\u1ebb. \u0110\u00f3ng g\u00f3i ki\u1ebfn th\u1ee9c th\u00e0nh s\u1ea3n ph\u1ea9m s\u1ed1 (Kh\u00f3a h\u1ecdc, B\u1ea3n tin, T\u01b0 v\u1ea5n c\u1ea5p cao). <em>K\u1ebft qu\u1ea3:<\/em> H\u1ec7 th\u1ed1ng t\u1ef1 \u0111\u1ed9ng t\u00ecm kh\u00e1ch v\u00e0 mang ti\u1ec1n v\u1ec1 t\u00e0i kho\u1ea3n ngay c\u1ea3 khi b\u1ea1n \u0111ang ng\u1ee7.<\/p>\n\n\n\n<div style=\"height:30px\" aria-hidden=\"true\" class=\"wp-block-spacer\"><\/div>\n\n\n\n<h3 class=\"wp-block-heading\">\ud83c\udf81 M\u00d3N QU\u00c0 D\u00c0NH CHO B\u1ea0N: B\u1ea2N \u0110\u1ed2 THO\u00c1T KH\u1eceI V\u00d2NG L\u1eb6P<\/h3>\n\n\n\n<p>M\u1ecdi l\u1ed1i tho\u00e1t \u0111\u1ec1u c\u1ea7n m\u1ed9t t\u1ea5m b\u1ea3n \u0111\u1ed3. T\u00f4i \u0111\u00e3 \u0111\u00fac k\u1ebft to\u00e0n b\u1ed9 c\u00f4ng th\u1ee9c tr\u00ean th\u00e0nh m\u1ed9t t\u00e0i li\u1ec7u th\u1ef1c chi\u1ebfn: <strong>3 B\u01b0\u1edbc X\u00e2y D\u1ef1ng S\u1ef1 Nghi\u1ec7p S\u1ed1 &#8211; L\u00e0m Thong Dong, S\u1ed1ng B\u00ecnh An.<\/strong><\/p>\n\n\n\n<figure class=\"wp-block-image size-full has-custom-border blockera-block blockera-block-19v9ol1\" style=\"padding-top:20px;padding-bottom:20px\"><img loading=\"lazy\" decoding=\"async\" width=\"1200\" height=\"670\" src=\"https:\/\/hoanghxn.com\/wp-content\/uploads\/2026\/03\/ban-do-su-nghiep-so-hanh-trinh-lam-thong-dong-song-binh-an.webp\" alt=\"La b\u00e0n \u0111\u1ed3ng c\u1ed5 ph\u00e1t s\u00e1ng \u0111\u1eb7t tr\u00ean t\u1ea5m b\u1ea3n \u0111\u1ed3 s\u1eddn c\u0169 vi\u1ebft ch\u1eef T\u1ef1 Do v\u00e0 \u0110\u1ecbnh v\u1ecb b\u1ea3n th\u00e2n, t\u01b0\u1ee3ng tr\u01b0ng cho B\u1ea3n \u0110\u1ed3 S\u1ef1 Nghi\u1ec7p S\u1ed1 gi\u00fap tho\u00e1t kh\u1ecfi v\u00f2ng l\u1eb7p c\u00f4ng vi\u1ec7c.\" class=\"wp-image-13706\" style=\"border-radius:15px\" srcset=\"https:\/\/hoanghxn.com\/wp-content\/uploads\/2026\/03\/ban-do-su-nghiep-so-hanh-trinh-lam-thong-dong-song-binh-an.webp 1200w, https:\/\/hoanghxn.com\/wp-content\/uploads\/2026\/03\/ban-do-su-nghiep-so-hanh-trinh-lam-thong-dong-song-binh-an-700x391.webp 700w, https:\/\/hoanghxn.com\/wp-content\/uploads\/2026\/03\/ban-do-su-nghiep-so-hanh-trinh-lam-thong-dong-song-binh-an-326x182.webp 326w, https:\/\/hoanghxn.com\/wp-content\/uploads\/2026\/03\/ban-do-su-nghiep-so-hanh-trinh-lam-thong-dong-song-binh-an-768x429.webp 768w\" sizes=\"auto, (max-width: 1200px) 100vw, 1200px\" \/><\/figure>\n\n\n\n<p>T\u00e0i li\u1ec7u n\u00e0y kh\u00f4ng ch\u1ee9a m\u00e1nh kh\u00f3e. N\u00f3 l\u00e0 li\u1ec1u thu\u1ed1c gi\u1ea3i \u0111\u1ed9c cho t\u01b0 duy c\u00e0y cu\u1ed1c c\u0169 k\u1ef9 c\u1ee7a b\u1ea1n.<\/p>\n\n\n\n<p><strong>T\u1ea5m b\u1ea3n \u0111\u1ed3 \u0111\u00e3 s\u1eb5n s\u00e0ng.<\/strong> Nh\u1eadp ch\u00ednh x\u00e1c Email c\u1ee7a b\u1ea1n b\u00ean d\u01b0\u1edbi, h\u1ec7 th\u1ed1ng c\u1ee7a t\u00f4i s\u1ebd g\u1eedi n\u00f3 v\u00e0o h\u00f2m th\u01b0 c\u1ee7a b\u1ea1n ngay l\u1eadp t\u1ee9c.<\/p>\n<\/div>\n\n\n\n<div class=\"wp-block-group blockera-block blockera-block-y7rrba has-border-color has-palette-color-4-color has-palette-color-7-background-color has-text-color has-background has-link-color wp-elements-dc46c0ffba06ab088bc3438463f62518 is-vertical is-content-justification-center is-layout-constrained wp-container-core-group-is-layout-7b60792c wp-block-group-is-layout-constrained\" style=\"border-color:#e7e7e7;border-width:2px;border-radius:12px;margin-top:30px;margin-bottom:120px;padding-top:30px;padding-right:30px;padding-bottom:30px;padding-left:30px;font-size:clamp(14px, 0.875rem + ((1vw - 3.2px) * 0.313), 18px);\">\n<h2 data-wp-context---core-fit-text=\"core\/fit-text::{&quot;fontSize&quot;:&quot;&quot;}\" data-wp-init---core-fit-text=\"core\/fit-text::callbacks.init\" data-wp-interactive data-wp-style--font-size=\"core\/fit-text::context.fontSize\" class=\"wp-block-heading has-text-align-center blockera-block blockera-block--2q56kl has-fit-text\" style=\"font-size:18px;text-transform:uppercase\">G\u1eedi b\u1ea3n \u0111\u1ed3 S\u1ef0 NGHI\u1ec6P S\u1ed0 cho t\u00f4i<\/h2>\n\n\n\n<div class=\"wp-block-group blockera-block blockera-block-so0ec6 is-layout-constrained wp-block-group-is-layout-constrained\" style=\"margin-bottom:0px;padding-top:20px;padding-bottom:0px\"><div class='fluentform ff-inherit-theme-style fluentform_wrapper_13  ff_guten_block ff_guten_block-13'><form data-form_id=\"13\" id=\"fluentform_13\" class=\"frm-fluent-form fluent_form_13 ff-el-form-top ff_form_instance_13_1 ff-form-loading ffs_inherit_theme\" data-form_instance=\"ff_form_instance_13_1\" method=\"POST\" ><fieldset  style=\"border: none!important;margin: 0!important;padding: 0!important;background-color: transparent!important;box-shadow: none!important;outline: none!important; min-inline-size: 100%;\">\n                    <legend class=\"ff_screen_reader_title\" style=\"display: block; margin: 0!important;padding: 0!important;height: 0!important;text-indent: -999999px;width: 0!important;overflow:hidden;\">Qu\u00e0 t\u1eb7ng &#8211; B\u1ea3n \u0111\u1ed3 S\u1ef1 nghi\u1ec7p s\u1ed1 (Chu\u1ed7i ch\u00e0o m\u1eebng)<\/legend><input type='hidden' name='__fluent_form_embded_post_id' value='13121' \/><input type=\"hidden\" id=\"_fluentform_13_fluentformnonce\" name=\"_fluentform_13_fluentformnonce\" value=\"2eaee7edbe\" \/><input type=\"hidden\" name=\"_wp_http_referer\" value=\"\/vi\/wp-json\/wp\/v2\/pages\/13121\" \/><div data-name=\"ff_cn_id_1\"  class='ff-t-container ff-column-container ff_columns_total_1 '><div class='ff-t-cell ff-t-column-1' style='flex-basis: 100%;'><div data-type=\"name-element\" data-name=\"names\" class=\" ff-field_container ff-name-field-wrapper form-name\" ><div class='ff-t-container'><div class='ff-t-cell '><div class='ff-el-group  ff-el-form-hide_label'><div class='ff-el-input--content'><input type=\"text\" name=\"names[first_name]\" id=\"ff_13_names_first_name_\" class=\"ff-el-form-control\" placeholder=\"H\u1ecd t\u00ean c\u1ee7a b\u1ea1n\" aria-invalid=\"false\" aria-required=true><\/div><\/div><\/div><\/div><\/div><div class='ff-el-group'><div class='ff-el-input--content'><input type=\"email\" name=\"email\" id=\"ff_13_email\" class=\"ff-el-form-control\" placeholder=\"Email th\u01b0\u1eddng d\u00f9ng c\u1ee7a b\u1ea1n.\" data-name=\"email\"  aria-invalid=\"false\" aria-required=true><\/div><\/div><input type=\"hidden\" name=\"hidden\" value=\"dk_quatang\" data-name=\"hidden\" ><div class='ff-el-group ff-text-center ff_submit_btn_wrapper ff_submit_btn_wrapper_custom'><button class=\"ff-btn ff-btn-submit ff-btn-lg ff_btn_style wpf_has_custom_css\" type=\"submit\" name=\"custom_submit_button-13_1\" data-name=\"custom_submit_button-13_1\"  aria-label=\"NH\u1eacN B\u1ea2N \u0110\u1ed2 NGAY\">NH\u1eacN B\u1ea2N \u0110\u1ed2 NGAY<\/button><style>form.fluent_form_13 .wpf_has_custom_css.ff-btn-submit { color:#ffffff;min-width:100%; }form.fluent_form_13 .wpf_has_custom_css.ff-btn-submit:hover { color:#FFFFFF;min-width:100%; } <\/style><\/div><\/div><\/div><\/fieldset><\/form><div id='fluentform_13_errors' class='ff-errors-in-stack ff_form_instance_13_1 ff-form-loading_errors ff_form_instance_13_1_errors'><\/div><\/div>            <script type=\"text\/javascript\">\n                window.fluent_form_ff_form_instance_13_1 = {\"id\":\"13\",\"settings\":{\"layout\":{\"labelPlacement\":\"top\",\"helpMessagePlacement\":\"with_label\",\"errorMessagePlacement\":\"inline\",\"asteriskPlacement\":\"asterisk-right\"},\"restrictions\":{\"denyEmptySubmission\":{\"enabled\":false}}},\"form_instance\":\"ff_form_instance_13_1\",\"form_id_selector\":\"fluentform_13\",\"rules\":{\"names[first_name]\":{\"required\":{\"value\":true,\"message\":\"Tr\\u01b0\\u1eddng h\\u1ecd t\\u00ean l\\u00e0 b\\u1eaft bu\\u1ed9c\",\"global_message\":\"This field is required\",\"global\":false}},\"names[middle_name]\":{\"required\":{\"value\":false,\"message\":\"This field is required\",\"global_message\":\"This field is required\",\"global\":true}},\"names[last_name]\":{\"required\":{\"value\":false,\"message\":\"This field is required\",\"global_message\":\"This field is required\",\"global\":true}},\"email\":{\"required\":{\"value\":true,\"message\":\"Tr\\u01b0\\u1eddng email l\\u00e0 b\\u1eaft bu\\u1ed9c\",\"global\":false,\"global_message\":\"This field is required\"},\"email\":{\"value\":true,\"message\":\"Tr\\u01b0\\u1eddng n\\u00e0y ph\\u1ea3i ch\\u1ee9a m\\u1ed9t \\u0111\\u1ecba ch\\u1ec9 email h\\u1ee3p l\\u1ec7.\",\"global\":false,\"global_message\":\"This field must contain a valid email\"}}},\"debounce_time\":300};\n                            <\/script>\n            \n\n\n<p class=\"has-text-align-center blockera-block blockera-block-he1ftz\" style=\"margin-top:-30px;font-size:clamp(14px, 0.875rem + ((1vw - 3.2px) * 0.156), 16px);\">H\u01a1n 1,248 Ng\u01b0\u1eddi t\u1ef1 kinh doanh \u0111\u00e3 nh\u1eadn & B\u1eaft \u0111\u1ea7u h\u00e0nh tr\u00ecnh t\u1ef1 do.<\/p>\n<\/div>\n<\/div>\n<\/div>\n","protected":false},"excerpt":{"rendered":"<p>B\u1ea3n \u0111\u1ed3 L\u00c0-C\u00d3-L\u00c0M l\u00e0 l\u1ed9 tr\u00ecnh th\u1ef1c chi\u1ebfn gi\u00fap ng\u01b0\u1eddi t\u1ef1 kinh doanh \u0111\u1eadp tan s\u1ef1 ki\u1ec7t s\u1ee9c, ng\u1eebng b\u00e1n s\u1ee9c lao \u0111\u1ed9ng \u0111\u1ec3 l\u00e0m vi\u1ec7c thong dong.<\/p>\n","protected":false},"author":5,"featured_media":13706,"parent":0,"menu_order":0,"comment_status":"closed","ping_status":"closed","template":"","meta":{"_seopress_robots_primary_cat":"","_seopress_titles_title":"T\u1ea3i B\u1ea3n \u0110\u1ed3 L\u00c0-C\u00d3-L\u00c0M: 3 B\u01b0\u1edbc Tho\u00e1t V\u00f2ng L\u1eb7p Ki\u1ec7t S\u1ee9c","_seopress_titles_desc":"L\u00e0m vi\u1ec7c 14 ti\u1ebfng\/ng\u00e0y nh\u01b0ng d\u00f2ng ti\u1ec1n v\u1eabn b\u1ebf t\u1eafc? Nh\u1eadn ngay B\u1ea3n \u0111\u1ed3 L\u00c0-C\u00d3-L\u00c0M c\u1ee7a Ho\u00e0ng Hxn \u0111\u1ec3 \u0111\u1eadp tan s\u1ef1 ki\u1ec7t s\u1ee9c v\u00e0 ng\u1eebng b\u00e1n th\u1eddi gian l\u1ea5y ti\u1ec1n l\u1ebb.","_seopress_robots_index":"","footnotes":""},"coauthors":[51],"class_list":["post-13121","page","type-page","status-publish","has-post-thumbnail","hentry"],"blocksy_meta":{"background":{"background_type":"color","background_pattern":"type-1","background_image":{"attachment_id":null,"x":0,"y":0},"gradient":"linear-gradient(135deg,rgba(6,147,227,1) 0%,rgb(155,81,224) 100%)","background_repeat":"repeat","background_size":"auto","background_attachment":"scroll","patternColor":{"default":{"color":"#e5e7ea"}},"overlayColor":{"default":{"color":"CT_CSS_SKIP_RULE"}},"backgroundColor":{"default":{"color":"var(--theme-palette-color-8)"}}},"styles_descriptor":{"styles":{"desktop":"[data-prefix=\"single_page\"] {background-color:var(--theme-palette-color-8);background-image:none;}","tablet":"","mobile":""},"google_fonts":[],"version":6},"has_hero_section":"disabled","disable_header":"no","disable_footer":"no","vertical_spacing_source":"custom","content_area_spacing":"both","page_structure_type":"type-3"},"_links":{"self":[{"href":"https:\/\/hoanghxn.com\/vi\/wp-json\/wp\/v2\/pages\/13121","targetHints":{"allow":["GET"]}}],"collection":[{"href":"https:\/\/hoanghxn.com\/vi\/wp-json\/wp\/v2\/pages"}],"about":[{"href":"https:\/\/hoanghxn.com\/vi\/wp-json\/wp\/v2\/types\/page"}],"author":[{"embeddable":true,"href":"https:\/\/hoanghxn.com\/vi\/wp-json\/wp\/v2\/users\/5"}],"replies":[{"embeddable":true,"href":"https:\/\/hoanghxn.com\/vi\/wp-json\/wp\/v2\/comments?post=13121"}],"version-history":[{"count":9,"href":"https:\/\/hoanghxn.com\/vi\/wp-json\/wp\/v2\/pages\/13121\/revisions"}],"predecessor-version":[{"id":13984,"href":"https:\/\/hoanghxn.com\/vi\/wp-json\/wp\/v2\/pages\/13121\/revisions\/13984"}],"wp:featuredmedia":[{"embeddable":true,"href":"https:\/\/hoanghxn.com\/vi\/wp-json\/wp\/v2\/media\/13706"}],"wp:attachment":[{"href":"https:\/\/hoanghxn.com\/vi\/wp-json\/wp\/v2\/media?parent=13121"}],"wp:term":[{"taxonomy":"author","embeddable":true,"href":"https:\/\/hoanghxn.com\/vi\/wp-json\/wp\/v2\/coauthors?post=13121"}],"curies":[{"name":"wp","href":"https:\/\/api.w.org\/{rel}","templated":true}]}}