{"id":13151,"date":"2026-02-01T16:25:52","date_gmt":"2026-02-01T09:25:52","guid":{"rendered":"https:\/\/hoanghxn.com\/?page_id=13151"},"modified":"2026-02-01T18:15:53","modified_gmt":"2026-02-01T11:15:53","slug":"cam-on-nhan-ban-do","status":"publish","type":"page","link":"https:\/\/hoanghxn.com\/vi\/cam-on-nhan-ban-do\/","title":{"rendered":"C\u00e1m \u01a1n &#8211; Nh\u1eadn B\u1ea3n \u0111\u1ed3 t\u00ecm S\u1ea3n ph\u1ea9m \u0111\u1ea7u ti\u00ean"},"content":{"rendered":"\n<h1 class=\"wp-block-heading has-text-align-center blockera-block blockera-block-yruzcy\" style=\"font-size:clamp(22.544px, 1.409rem + ((1vw - 3.2px) * 1.129), 37px);\">CH\u00c0O M\u1eeaNG B\u1ea0N \u0110\u00c3 B\u01af\u1edaC V\u00c0O TH\u1ebe GI\u1edaI M\u1edaI.<\/h1>\n\n\n\n<div class=\"wp-block-group blockera-block blockera-block-15fcolh is-layout-constrained wp-container-core-group-is-layout-71735049 wp-block-group-is-layout-constrained\">\n<p class=\"has-text-align-center blockera-block blockera-block-elaanx\" style=\"font-style:normal;font-weight:500\">T\u00f4i \u0111\u00e3 g\u1eedi b\u1ea3n \u0111\u1ed3 v\u00e0o email c\u1ee7a b\u1ea1n. Nh\u01b0ng c\u00f3 1 \u0111i\u1ec1u b\u1ea1n c\u1ea7n bi\u1ebft&#8230;<\/p>\n<\/div>\n\n\n\n<div class=\"wp-block-group is-layout-constrained wp-container-core-group-is-layout-92ef7b19 wp-block-group-is-layout-constrained\">\n<figure class=\"wp-block-image size-large has-custom-border blockera-block blockera-block-1c5fhhg\"><img loading=\"lazy\" decoding=\"async\" width=\"1290\" height=\"703\" src=\"https:\/\/hoanghxn.com\/wp-content\/uploads\/2026\/02\/khoa-hoc-viet-de-ban-la-ban-dinh-huong-hoang-hxn-1290x703.webp\" alt=\"H\u00ecnh \u1ea3nh \u1ea9n d\u1ee5 tr\u00ean n\u1ec1n t\u1ed1i: Cu\u1ed1n s\u00e1ch m\u1edf ra con \u0111\u01b0\u1eddng \u00e1nh s\u00e1ng d\u1eabn t\u1edbi chi\u1ebfc la b\u00e0n \u0111\u1ecbnh h\u01b0\u1edbng, bi\u1ec3u t\u01b0\u1ee3ng cho k\u1ef9 n\u0103ng Vi\u1ebft \u0111\u1ec3 b\u00e1n.\" class=\"wp-image-12954\" style=\"border-radius:12px;aspect-ratio:16\/9;object-fit:cover\" srcset=\"https:\/\/hoanghxn.com\/wp-content\/uploads\/2026\/02\/khoa-hoc-viet-de-ban-la-ban-dinh-huong-hoang-hxn-1290x703.webp 1290w, https:\/\/hoanghxn.com\/wp-content\/uploads\/2026\/02\/khoa-hoc-viet-de-ban-la-ban-dinh-huong-hoang-hxn-700x382.webp 700w, https:\/\/hoanghxn.com\/wp-content\/uploads\/2026\/02\/khoa-hoc-viet-de-ban-la-ban-dinh-huong-hoang-hxn-326x178.webp 326w, https:\/\/hoanghxn.com\/wp-content\/uploads\/2026\/02\/khoa-hoc-viet-de-ban-la-ban-dinh-huong-hoang-hxn-768x419.webp 768w, https:\/\/hoanghxn.com\/wp-content\/uploads\/2026\/02\/khoa-hoc-viet-de-ban-la-ban-dinh-huong-hoang-hxn-1536x838.webp 1536w, https:\/\/hoanghxn.com\/wp-content\/uploads\/2026\/02\/khoa-hoc-viet-de-ban-la-ban-dinh-huong-hoang-hxn.webp 1920w\" sizes=\"auto, (max-width: 1290px) 100vw, 1290px\" \/><\/figure>\n<\/div>\n\n\n\n<div class=\"wp-block-group blockera-block blockera-block-1qbeece is-layout-constrained wp-container-core-group-is-layout-f69b3e8c wp-block-group-is-layout-constrained\" style=\"padding-bottom:60px\">\n<p class=\"has-text-align-center blockera-block blockera-block-za21r1\" style=\"padding-bottom:20px;font-size:clamp(14px, 0.875rem + ((1vw - 3.2px) * 0.234), 17px);font-style:normal;font-weight:500\">S\u1edf h\u1eefu b\u1ea3n \u0111\u1ed3 l\u00e0 ch\u01b0a \u0111\u1ee7 \u0111\u1ec3 \u0111\u1ebfn \u0111\u00edch.<br>B\u1ea1n c\u1ea7n chi\u1ebfc <strong>LA B\u00c0N<\/strong> \u0111\u1ec3 \u0111\u1ecbnh h\u01b0\u1edbng ng\u00f4n t\u1eeb.<\/p>\n\n\n\n<div class=\"wp-block-group blockera-block blockera-block-eeoom6 has-border-color has-palette-color-1-border-color is-layout-constrained wp-container-core-group-is-layout-1683ab35 wp-block-group-is-layout-constrained\" style=\"border-width:3px;border-radius:12px;margin-bottom:30px;padding-top:20px;padding-right:20px;padding-bottom:20px;padding-left:20px\">\n<p class=\"has-text-align-center blockera-block blockera-block-vaxwn3\" style=\"font-size:clamp(17.905px, 1.119rem + ((1vw - 3.2px) * 0.789), 28px);font-style:normal;font-weight:700\">L\u1edcI M\u1edcI \u0110\u1eb6C BI\u1ec6T: KH\u00d3A H\u1eccC &#8220;<strong>VI\u1ebeT \u0110\u1ec2 B\u00c1N<\/strong>&#8220;<\/p>\n\n\n\n<p class=\"has-text-align-center blockera-block blockera-block-yme37l\" style=\"font-size:clamp(14px, 0.875rem + ((1vw - 3.2px) * 0.234), 17px);font-style:normal;font-weight:500\">Kh\u00f4ng ph\u1ea3i \u0111\u1ec3 h\u1ecdc, m\u00e0 \u0111\u1ec3 sinh t\u1ed3n.<br>M\u1ee9c ph\u00ed h\u1ed7 tr\u1ee3 d\u00e0nh ri\u00eang cho b\u1ea1n h\u00f4m nay: [<strong>Gi\u00e1 \u01b0u \u0111\u00e3i<\/strong>] (Thay v\u00ec [Gi\u00e1 g\u1ed1c])<\/p>\n<\/div>\n\n\n\n<div class=\"wp-block-group blockera-block blockera-block-1ak36tw is-layout-constrained wp-container-core-group-is-layout-334a2726 wp-block-group-is-layout-constrained\">\n<div class=\"wp-block-buttons blockera-block blockera-block-kzcr4s is-content-justification-center is-layout-flex wp-container-core-buttons-is-layout-86e1f5e2 wp-block-buttons-is-layout-flex\">\n<div class=\"wp-block-button blockera-block blockera-block-hn5110\"><a class=\"wp-block-button__link has-custom-font-size wp-element-button\" style=\"padding-right:30px;padding-left:30px;font-size:clamp(14px, 0.875rem + ((1vw - 3.2px) * 0.313), 18px);\">NH\u1eacN CHI\u1ebeC LA B\u00c0N & B\u1eaeT \u0110\u1ea6U H\u00c0NH TR\u00ccNH<\/a><\/div>\n<\/div>\n\n\n\n<p class=\"has-text-align-center blockera-block blockera-block-1gxslhn has-palette-color-5-color has-text-color has-link-color wp-elements-a6ef77bd5d05281cd6b0718f375547c1\" style=\"font-size:clamp(14px, 0.875rem + ((1vw - 3.2px) * 0.156), 16px);\"><a href=\"https:\/\/hoanghxn.com\/vi\/huong-dan-bo-kit\/\" data-type=\"link\" data-id=\"https:\/\/hoanghxn.com\/vi\/huong-dan-bo-kit\/\">Kh\u00f4ng, T\u00f4i mu\u1ed1n chuy\u1ec3n qua xem h\u01b0\u1edbng d\u1eabn nh\u1eadn B\u1ea3n \u0111\u1ed3 lu\u00f4n<\/a>.<\/p>\n<\/div>\n<\/div>\n","protected":false},"excerpt":{"rendered":"<p>CH\u00c0O M\u1eeaNG B\u1ea0N \u0110\u00c3 B\u01af\u1edaC V\u00c0O TH\u1ebe GI\u1edaI M\u1edaI. T\u00f4i \u0111\u00e3 g\u1eedi b\u1ea3n \u0111\u1ed3 v\u00e0o email c\u1ee7a b\u1ea1n. Nh\u01b0ng c\u00f3 1 \u0111i\u1ec1u b\u1ea1n c\u1ea7n bi\u1ebft&#8230; S\u1edf h\u1eefu b\u1ea3n \u0111\u1ed3 l\u00e0 ch\u01b0a \u0111\u1ee7 \u0111\u1ec3 \u0111\u1ebfn \u0111\u00edch.B\u1ea1n c\u1ea7n chi\u1ebfc LA B\u00c0N \u0111\u1ec3 \u0111\u1ecbnh h\u01b0\u1edbng ng\u00f4n t\u1eeb. L\u1edcI M\u1edcI \u0110\u1eb6C BI\u1ec6T: KH\u00d3A H\u1eccC &#8220;VI\u1ebeT \u0110\u1ec2 B\u00c1N&#8220; Kh\u00f4ng ph\u1ea3i [&hellip;]<\/p>\n","protected":false},"author":3,"featured_media":0,"parent":0,"menu_order":0,"comment_status":"closed","ping_status":"closed","template":"","meta":{"_seopress_robots_primary_cat":"","_seopress_titles_title":"","_seopress_titles_desc":"","_seopress_robots_index":"","footnotes":""},"coauthors":[16],"class_list":["post-13151","page","type-page","status-publish","hentry"],"blocksy_meta":{"background":{"background_type":"color","background_pattern":"type-1","background_image":{"attachment_id":null,"x":0,"y":0},"gradient":"linear-gradient(135deg,rgba(6,147,227,1) 0%,rgb(155,81,224) 100%)","background_repeat":"repeat","background_size":"auto","background_attachment":"scroll","patternColor":{"default":{"color":"#e5e7ea"}},"overlayColor":{"default":{"color":"CT_CSS_SKIP_RULE"}},"backgroundColor":{"default":{"color":"var(--theme-palette-color-8)"}}},"styles_descriptor":{"styles":{"desktop":"[data-prefix=\"single_page\"] {background-color:var(--theme-palette-color-8);background-image:none;}","tablet":"","mobile":""},"google_fonts":[],"version":6},"has_hero_section":"disabled","disable_header":"yes","disable_footer":"yes"},"_links":{"self":[{"href":"https:\/\/hoanghxn.com\/vi\/wp-json\/wp\/v2\/pages\/13151","targetHints":{"allow":["GET"]}}],"collection":[{"href":"https:\/\/hoanghxn.com\/vi\/wp-json\/wp\/v2\/pages"}],"about":[{"href":"https:\/\/hoanghxn.com\/vi\/wp-json\/wp\/v2\/types\/page"}],"author":[{"embeddable":true,"href":"https:\/\/hoanghxn.com\/vi\/wp-json\/wp\/v2\/users\/3"}],"replies":[{"embeddable":true,"href":"https:\/\/hoanghxn.com\/vi\/wp-json\/wp\/v2\/comments?post=13151"}],"version-history":[{"count":10,"href":"https:\/\/hoanghxn.com\/vi\/wp-json\/wp\/v2\/pages\/13151\/revisions"}],"predecessor-version":[{"id":13271,"href":"https:\/\/hoanghxn.com\/vi\/wp-json\/wp\/v2\/pages\/13151\/revisions\/13271"}],"wp:attachment":[{"href":"https:\/\/hoanghxn.com\/vi\/wp-json\/wp\/v2\/media?parent=13151"}],"wp:term":[{"taxonomy":"author","embeddable":true,"href":"https:\/\/hoanghxn.com\/vi\/wp-json\/wp\/v2\/coauthors?post=13151"}],"curies":[{"name":"wp","href":"https:\/\/api.w.org\/{rel}","templated":true}]}}