{"id":13179,"date":"2026-02-01T17:12:32","date_gmt":"2026-02-01T10:12:32","guid":{"rendered":"https:\/\/hoanghxn.com\/?page_id=13179"},"modified":"2026-02-01T17:41:58","modified_gmt":"2026-02-01T10:41:58","slug":"huong-dan-nhan-ban-do","status":"publish","type":"page","link":"https:\/\/hoanghxn.com\/vi\/huong-dan-nhan-ban-do\/","title":{"rendered":"H\u01b0\u1edbng d\u1eabn nh\u1eadn &#8211; B\u1ea3n \u0111\u1ed3 t\u00ecm S\u1ea3n ph\u1ea9m \u0111\u1ea7u ti\u00ean"},"content":{"rendered":"\n<div class=\"wp-block-group blockera-block blockera-block-12nkh6j is-layout-constrained wp-container-core-group-is-layout-f334badd wp-block-group-is-layout-constrained\" style=\"font-size:clamp(14px, 0.875rem + ((1vw - 3.2px) * 0.469), 20px);\">\n<h1 class=\"wp-block-heading has-text-align-center blockera-block blockera-block-ns3uvc\" style=\"font-size:clamp(22.544px, 1.409rem + ((1vw - 3.2px) * 1.129), 37px);\">T\u00d4I T\u00d4N TR\u1eccNG QUY\u1ebeT \u0110\u1ecaNH C\u1ee6A B\u1ea0N.<\/h1>\n\n\n\n<p class=\"has-text-align-center blockera-block blockera-block-xh42w\" style=\"font-style:normal;font-weight:500\">H\u00e0nh tr\u00ecnh t\u1ef1 m\u00e0y m\u00f2 s\u1ebd th\u00fa v\u1ecb h\u01a1n. \u0110\u1ec3 \u0111\u1ea3m b\u1ea3o b\u1ea1n kh\u00f4ng b\u1eaft \u0111\u1ea7u sai, h\u00e3y l\u00e0m xong <strong>2 b\u01b0\u1edbc b\u1eaft bu\u1ed9c<\/strong> n\u00e0y trong <strong>60 gi\u00e2y<\/strong>.<\/p>\n<\/div>\n\n\n\n<div class=\"wp-block-group blockera-block blockera-block-kg60yb is-layout-constrained wp-container-core-group-is-layout-552b7189 wp-block-group-is-layout-constrained\" style=\"padding-bottom:10px\"><!--presto-player:video_id=3--><figure class=\"wp-block-video presto-block-video  presto-provider-youtube\" style=\"--plyr-color-main: var(--presto-player-highlight-color, #c70148); --plyr-captions-background: #000000; --presto-player-border-radius: 16px; --presto-player-logo-width: 50px; \">\n\t<presto-player \n\t\tpreset='{&quot;id&quot;:6,&quot;name&quot;:&quot;Video Sale&quot;,&quot;slug&quot;:&quot;hoang-hxn-video&quot;,&quot;icon&quot;:&quot;&quot;,&quot;skin&quot;:&quot;modern&quot;,&quot;play-large&quot;:true,&quot;rewind&quot;:true,&quot;play&quot;:true,&quot;fast-forward&quot;:true,&quot;progress&quot;:true,&quot;current-time&quot;:true,&quot;mute&quot;:true,&quot;volume&quot;:true,&quot;speed&quot;:false,&quot;pip&quot;:false,&quot;fullscreen&quot;:true,&quot;captions&quot;:false,&quot;reset_on_end&quot;:false,&quot;auto_hide&quot;:true,&quot;show_time_elapsed&quot;:false,&quot;captions_enabled&quot;:false,&quot;save_player_position&quot;:false,&quot;sticky_scroll&quot;:false,&quot;sticky_scroll_position&quot;:&quot;&quot;,&quot;on_video_end&quot;:&quot;&quot;,&quot;play_video_viewport&quot;:false,&quot;hide_youtube&quot;:true,&quot;lazy_load_youtube&quot;:false,&quot;hide_logo&quot;:false,&quot;border_radius&quot;:16,&quot;caption_style&quot;:&quot;default&quot;,&quot;caption_background&quot;:&quot;#000000&quot;,&quot;is_locked&quot;:false,&quot;cta&quot;:{&quot;enabled&quot;:false,&quot;percentage&quot;:100,&quot;show_rewatch&quot;:true,&quot;show_skip&quot;:true,&quot;headline&quot;:&quot;&quot;,&quot;bottom_text&quot;:&quot;&quot;,&quot;show_button&quot;:true,&quot;button_text&quot;:&quot;&quot;,&quot;button_color&quot;:&quot;&quot;,&quot;button_text_color&quot;:&quot;&quot;,&quot;background_opacity&quot;:0,&quot;button_link&quot;:{&quot;id&quot;:&quot;&quot;,&quot;url&quot;:&quot;&quot;,&quot;type&quot;:&quot;&quot;,&quot;opensInNewTab&quot;:false},&quot;button_radius&quot;:0},&quot;watermark&quot;:{&quot;enabled&quot;:false,&quot;text&quot;:&quot;&quot;,&quot;backgroundColor&quot;:&quot;&quot;,&quot;color&quot;:&quot;&quot;,&quot;opacity&quot;:0,&quot;position&quot;:&quot;&quot;},&quot;search&quot;:{&quot;enabled&quot;:false,&quot;minMatchCharLength&quot;:1,&quot;threshold&quot;:0.3,&quot;placeholder&quot;:&quot;Search&quot;},&quot;email_collection&quot;:{&quot;enabled&quot;:false,&quot;behavior&quot;:&quot;pause&quot;,&quot;percentage&quot;:0,&quot;allow_skip&quot;:false,&quot;provider&quot;:&quot;&quot;,&quot;provider_list&quot;:&quot;&quot;,&quot;provider_tag&quot;:&quot;&quot;,&quot;border_radius&quot;:0,&quot;headline&quot;:&quot;&quot;,&quot;bottom_text&quot;:&quot;&quot;,&quot;button_text&quot;:&quot;&quot;,&quot;button_color&quot;:&quot;&quot;,&quot;button_text_color&quot;:&quot;&quot;},&quot;action_bar&quot;:{&quot;enabled&quot;:false,&quot;percentage_start&quot;:0,&quot;text&quot;:&quot;&quot;,&quot;background_color&quot;:&quot;&quot;,&quot;button_type&quot;:&quot;none&quot;,&quot;button_count&quot;:false,&quot;button_text&quot;:&quot;&quot;,&quot;button_radius&quot;:0,&quot;button_color&quot;:&quot;&quot;,&quot;button_text_color&quot;:&quot;&quot;,&quot;button_link&quot;:{&quot;id&quot;:&quot;&quot;,&quot;url&quot;:&quot;&quot;,&quot;type&quot;:&quot;&quot;,&quot;opensInNewTab&quot;:false}},&quot;created_by&quot;:5,&quot;created_at&quot;:&quot;2025-05-10 22:12:04&quot;,&quot;updated_at&quot;:&quot;2026-01-06 19:45:32&quot;,&quot;deleted_at&quot;:&quot;&quot;}'\n\t\tbranding='{&quot;logo&quot;:&quot;https:\\\/\\\/hoanghxn.com\\\/wp-content\\\/uploads\\\/2025\\\/04\\\/hoang-hxn-site-icon.png&quot;,&quot;color&quot;:&quot;#c70148&quot;,&quot;logo_width&quot;:50,&quot;player_css&quot;:&quot;&quot;}'\n\t\tchapters='[]'\n\t\toverlays='[]'\n\t\ttracks='[]'\n\t\tblock-attributes='{&quot;playsInline&quot;:true,&quot;id&quot;:3,&quot;src&quot;:&quot;https:\\\/\\\/youtu.be\\\/ebeYj3FW4rg&quot;,&quot;preset&quot;:6,&quot;video_id&quot;:&quot;ebeYj3FW4rg&quot;,&quot;title&quot;:&quot;X\\u00e2y k\\u00eanh tinh g\\u1ecdn&quot;}'\n\t\tanalytics=''\n\t\tautomations\t\tprovider='youtube'\n\t\t\t\tid=\"presto-player-1\"\n\t\tsrc=\"\/\/www.youtube.com\/embed\/ebeYj3FW4rg?iv_load_policy=3&modestbranding=1&playinline=1&showinfo=0&rel=0&enablejsapi=1\"\n\t\tmedia-title=\"X\u00e2y k\u00eanh tinh g\u1ecdn\"\n\t\tcss=\"\"\n\t\tclass=\"presto-video-id-3 presto-preset-id-6 skin-modern caption-style-default\"\n\t\tskin=\"modern\" \n\t\ticon-url=\"https:\/\/hoanghxn.com\/wp-content\/plugins\/presto-player\/img\/sprite.svg\" \n\t\tpreload=\"\" \n\t\tposter=\"\"\n\t\tyoutube=\"{&quot;noCookie&quot;:false,&quot;channelId&quot;:&quot;&quot;,&quot;show_count&quot;:false}\"\n\t\tprovider-video-id=\"ebeYj3FW4rg\"\n\t\tvideo-id=\"3\"\n\t\t\t\tplaysinline \n\t\t\t\t>\n\t\t\n    <div class=\"presto-iframe-fallback-container\">\n        <iframe style=\"width: 100%\" title=\"Youtube Video\" class=\"presto-fallback-iframe\" id=\"presto-iframe-fallback-1\" data-src=\"https:\/\/www.youtube.com\/embed\/ebeYj3FW4rg?iv_load_policy=3&modestbranding=1&playsinline=1&showinfo=0&rel=0&enablejsapi=1\" allowfullscreen allowtransparency allow=\"autoplay\"><\/iframe>\n    <\/div>\n\n\t<\/presto-player>\n<\/figure><\/div>\n\n\n\n<div class=\"wp-block-group blockera-block blockera-block-1wwi8mj is-layout-constrained wp-container-core-group-is-layout-328cc75d wp-block-group-is-layout-constrained\" style=\"padding-bottom:60px\">\n<div class=\"wp-block-group blockera-block blockera-block-1i5k70h has-border-color has-palette-color-6-border-color has-background is-horizontal is-content-justification-space-between is-nowrap is-layout-flex wp-container-core-group-is-layout-6d81935d wp-block-group-is-layout-flex\" style=\"border-width:2px;border-radius:12px;background-color:#ffffff;margin-bottom:30px;padding-top:20px;padding-right:20px;padding-bottom:20px;padding-left:20px\">\n<figure class=\"wp-block-image aligncenter size-full is-resized has-custom-border blockera-block blockera-block-1cd5hn1\" style=\"padding-top:10px;padding-right:10px;padding-bottom:10px;padding-left:10px\"><img loading=\"lazy\" decoding=\"async\" width=\"512\" height=\"512\" src=\"https:\/\/hoanghxn.com\/wp-content\/uploads\/2026\/01\/logo-hoanghxn-v2-do.svg\" alt=\"Logo th\u01b0\u01a1ng hi\u1ec7u Ho\u00e0ng Hxn - Bi\u1ec3u t\u01b0\u1ee3ng The Nexus k\u1ebft n\u1ed1i B\u1ed9 N\u00e3o S\u1ed1 v\u00e0 tri\u1ebft l\u00fd L\u00c0 C\u00d3 L\u00c0M.\" class=\"wp-image-12871\" style=\"border-radius:100px;aspect-ratio:1;object-fit:contain;width:70px;height:70px\"\/><\/figure>\n\n\n\n<div class=\"wp-block-group blockera-block blockera-block-pjuqns is-content-justification-left is-layout-constrained wp-container-core-group-is-layout-4b01f42b wp-block-group-is-layout-constrained\">\n<p class=\"has-text-align-left blockera-block blockera-block-1gdpauf\" style=\"font-size:clamp(14px, 0.875rem + ((1vw - 3.2px) * 0.469), 20px);font-style:normal;font-weight:800\">TH\u1eba TH\u00c0NH VI\u00caN: B\u1ed8 L\u1ea0C S\u00c1NG T\u1ea0O HXN<\/p>\n\n\n\n<p class=\"has-text-align-left blockera-block blockera-block-1xz0xv1 has-palette-color-5-color has-text-color has-link-color wp-elements-11f4f7552359e0e1df1591d057bd1e6a\" style=\"font-size:clamp(14px, 0.875rem + ((1vw - 3.2px) * 0.234), 17px);\">\u0110\u1eebng \u0111i m\u1ed9t m\u00ecnh. Tham gia c\u00f9ng 2,000+ nh\u00e0 kh\u1edfi nghi\u1ec7p \u0111\u1ec3 th\u1ea3o lu\u1eadn, h\u1ecdc h\u1ecfi nhanh v\u00e0 \u0111\u01b0\u1ee3c gi\u1ea3i \u0111\u00e1p m\u1ecdi th\u1eafc m\u1eafc v\u1ec1 B\u1ed9 Kit.<\/p>\n<\/div>\n<\/div>\n\n\n\n<div class=\"wp-block-group blockera-block blockera-block-10kx29o is-layout-constrained wp-container-core-group-is-layout-334a2726 wp-block-group-is-layout-constrained\">\n<div class=\"wp-block-buttons blockera-block blockera-block-134ybkz is-content-justification-center is-layout-flex wp-container-core-buttons-is-layout-86e1f5e2 wp-block-buttons-is-layout-flex\">\n<div class=\"wp-block-button blockera-block blockera-block-x9hfdj\"><a class=\"wp-block-button__link has-custom-font-size wp-element-button\" style=\"padding-right:30px;padding-left:30px;font-size:clamp(14px, 0.875rem + ((1vw - 3.2px) * 0.313), 18px);\">THAM GIA \u0110\u1ec2 C\u00d9NG TRAO \u0110\u1ed4I NGAY<\/a><\/div>\n<\/div>\n\n\n\n<p class=\"has-text-align-center blockera-block blockera-block-ukpxow has-palette-color-5-color has-text-color has-link-color wp-elements-a9a341b89460f488502d88a018e1c380\" style=\"font-size:clamp(14px, 0.875rem + ((1vw - 3.2px) * 0.078), 15px);\">T\u00e0i kho\u1ea3n b\u1ea1n \u0111\u00e3 \u0111\u01b0\u1ee3c t\u1ea1o t\u1ef1 \u0111\u1ed9ng. Kh\u00f4ng c\u1ea7n \u0111\u0103ng k\u00fd l\u1ea1i.<\/p>\n<\/div>\n<\/div>\n","protected":false},"excerpt":{"rendered":"<p>T\u00d4I T\u00d4N TR\u1eccNG QUY\u1ebeT \u0110\u1ecaNH C\u1ee6A B\u1ea0N. H\u00e0nh tr\u00ecnh t\u1ef1 m\u00e0y m\u00f2 s\u1ebd th\u00fa v\u1ecb h\u01a1n. \u0110\u1ec3 \u0111\u1ea3m b\u1ea3o b\u1ea1n kh\u00f4ng b\u1eaft \u0111\u1ea7u sai, h\u00e3y l\u00e0m xong 2 b\u01b0\u1edbc b\u1eaft bu\u1ed9c n\u00e0y trong 60 gi\u00e2y. TH\u1eba TH\u00c0NH VI\u00caN: B\u1ed8 L\u1ea0C S\u00c1NG T\u1ea0O HXN \u0110\u1eebng \u0111i m\u1ed9t m\u00ecnh. Tham gia c\u00f9ng 2,000+ nh\u00e0 kh\u1edfi nghi\u1ec7p \u0111\u1ec3 [&hellip;]<\/p>\n","protected":false},"author":3,"featured_media":0,"parent":0,"menu_order":0,"comment_status":"closed","ping_status":"closed","template":"","meta":{"_seopress_robots_primary_cat":"","_seopress_titles_title":"","_seopress_titles_desc":"","_seopress_robots_index":"","footnotes":""},"coauthors":[16],"class_list":["post-13179","page","type-page","status-publish","hentry"],"blocksy_meta":{"background":{"background_type":"color","background_pattern":"type-1","background_image":{"attachment_id":null,"x":0,"y":0},"gradient":"linear-gradient(135deg,rgba(6,147,227,1) 0%,rgb(155,81,224) 100%)","background_repeat":"repeat","background_size":"auto","background_attachment":"scroll","patternColor":{"default":{"color":"#e5e7ea"}},"overlayColor":{"default":{"color":"CT_CSS_SKIP_RULE"}},"backgroundColor":{"default":{"color":"var(--theme-palette-color-8)"}}},"styles_descriptor":{"styles":{"desktop":"[data-prefix=\"single_page\"] {background-color:var(--theme-palette-color-8);background-image:none;}","tablet":"","mobile":""},"google_fonts":[],"version":6},"has_hero_section":"disabled","disable_header":"yes","disable_footer":"yes"},"_links":{"self":[{"href":"https:\/\/hoanghxn.com\/vi\/wp-json\/wp\/v2\/pages\/13179","targetHints":{"allow":["GET"]}}],"collection":[{"href":"https:\/\/hoanghxn.com\/vi\/wp-json\/wp\/v2\/pages"}],"about":[{"href":"https:\/\/hoanghxn.com\/vi\/wp-json\/wp\/v2\/types\/page"}],"author":[{"embeddable":true,"href":"https:\/\/hoanghxn.com\/vi\/wp-json\/wp\/v2\/users\/3"}],"replies":[{"embeddable":true,"href":"https:\/\/hoanghxn.com\/vi\/wp-json\/wp\/v2\/comments?post=13179"}],"version-history":[{"count":10,"href":"https:\/\/hoanghxn.com\/vi\/wp-json\/wp\/v2\/pages\/13179\/revisions"}],"predecessor-version":[{"id":13254,"href":"https:\/\/hoanghxn.com\/vi\/wp-json\/wp\/v2\/pages\/13179\/revisions\/13254"}],"wp:attachment":[{"href":"https:\/\/hoanghxn.com\/vi\/wp-json\/wp\/v2\/media?parent=13179"}],"wp:term":[{"taxonomy":"author","embeddable":true,"href":"https:\/\/hoanghxn.com\/vi\/wp-json\/wp\/v2\/coauthors?post=13179"}],"curies":[{"name":"wp","href":"https:\/\/api.w.org\/{rel}","templated":true}]}}