{"id":9834,"date":"2024-10-07T09:58:03","date_gmt":"2024-10-07T02:58:03","guid":{"rendered":"https:\/\/hoanghxn.com\/?page_id=9834"},"modified":"2026-04-18T11:28:07","modified_gmt":"2026-04-18T04:28:07","slug":"lien-he","status":"publish","type":"page","link":"https:\/\/hoanghxn.com\/vi\/lien-he\/","title":{"rendered":"Li\u00ean h\u1ec7"},"content":{"rendered":"\n<div class=\"wp-block-group blockera-block blockera-block-1xwaf5j has-palette-color-7-background-color has-background is-vertical is-content-justification-center is-layout-flex wp-container-core-group-is-layout-571437a2 wp-block-group-is-layout-flex\" style=\"border-radius:16px;margin-top:20px;padding-top:80px;padding-right:80px;padding-bottom:80px;padding-left:80px\">\n<div class=\"wp-block-group blockera-block blockera-block-19ipvcf has-palette-color-4-color has-text-color has-link-color wp-elements-91cdeced24e555ec81e2bafd4ed34096 is-layout-constrained wp-container-core-group-is-layout-bdbfdc43 wp-block-group-is-layout-constrained\" style=\"font-size:clamp(14px, 0.875rem + ((1vw - 3.2px) * 0.313), 18px);\">\n<h1 class=\"wp-block-heading blockera-block blockera-block--vvbuyn\">Ch\u00e0o b\u1ea1n \ud83d\udc4b Mu\u1ed1n li\u00ean h\u1ec7 v\u1edbi Hoang Hxn?<\/h1>\n\n\n\n<p class=\"blockera-block blockera-block-1fk7ze\" style=\"font-style:normal;font-weight:500\">C\u1ee9 tho\u1ea3i m\u00e1i li\u00ean h\u1ec7 \u2014 d\u00f9 b\u1ea1n c\u00f3 c\u00e2u h\u1ecfi, \u00fd t\u01b0\u1edfng h\u1ee3p t\u00e1c, hay ch\u1ec9 \u0111\u01a1n gi\u1ea3n l\u00e0 mu\u1ed1n g\u1eedi l\u1eddi ch\u00e0o. H\u00e3y <strong>li\u00ean h\u1ec7 v\u1edbi Hoang Hxn<\/strong> ngay h\u00f4m nay v\u00e0 c\u00f9ng k\u1ebft n\u1ed1i nh\u00e9!<\/p>\n\n\n\n<figure class=\"wp-block-image size-full has-custom-border blockera-block blockera-block-1368qau\"><img loading=\"lazy\" decoding=\"async\" width=\"1200\" height=\"630\" src=\"https:\/\/hoanghxn.com\/wp-content\/uploads\/2025\/12\/hoang-hxn-hanh-trinh.webp\" alt=\"Ho\u00e0ng Hxn - Solopreneur v\u00e0 Ki\u1ebfn tr\u00fac s\u01b0 H\u1ec7 th\u1ed1ng T\u1ef1 do, ng\u01b0\u1eddi \u0111\u00e3 v\u01b0\u1ee3t qua bi\u1ebfn c\u1ed1 t\u1ee5 m\u00e1u n\u00e3o n\u0103m 2011.\" class=\"wp-image-10986\" style=\"border-radius:15px\" srcset=\"https:\/\/hoanghxn.com\/wp-content\/uploads\/2025\/12\/hoang-hxn-hanh-trinh.webp 1200w, https:\/\/hoanghxn.com\/wp-content\/uploads\/2025\/12\/hoang-hxn-hanh-trinh-700x368.webp 700w, https:\/\/hoanghxn.com\/wp-content\/uploads\/2025\/12\/hoang-hxn-hanh-trinh-326x171.webp 326w, https:\/\/hoanghxn.com\/wp-content\/uploads\/2025\/12\/hoang-hxn-hanh-trinh-768x403.webp 768w\" sizes=\"auto, (max-width: 1200px) 100vw, 1200px\" \/><\/figure>\n\n\n\n<p class=\"blockera-block blockera-block-i21j8t\" style=\"font-style:normal;font-weight:500\">D\u00f9 b\u1ea1n c\u00f3 c\u00e2u h\u1ecfi v\u1ec1 m\u1ed9t trong c\u00e1c kh\u00f3a h\u1ecdc c\u1ee7a m\u00ecnh, mu\u1ed1n h\u1ee3p t\u00e1c, hay ch\u1ec9 \u0111\u01a1n gi\u1ea3n l\u00e0 mu\u1ed1n k\u1ebft n\u1ed1i \u2014 h\u1ed9p th\u01b0 c\u1ee7a m\u00ecnh lu\u00f4n m\u1edf. M\u00ecnh r\u1ea5t vui khi nh\u1eadn \u0111\u01b0\u1ee3c tin nh\u1eafn t\u1eeb ng\u01b0\u1eddi \u0111\u0103ng k\u00fd ho\u1eb7c c\u00e1c creator kh\u00e1c, n\u00ean \u0111\u1eebng ng\u1ea1i g\u1eedi cho m\u00ecnh m\u1ed9t l\u1eddi nh\u1eafn nh\u00e9 \ud83d\ude42<\/p>\n\n\n\n<h3 class=\"wp-block-heading\">C\u00e1ch li\u00ean h\u1ec7 v\u1edbi Hoang Hxn<\/h3>\n\n\n\n<p>N\u1ebfu b\u1ea1n \u0111ang t\u00ecm c\u00e1c k\u00eanh m\u1ea1ng x\u00e3 h\u1ed9i c\u1ee7a m\u00ecnh: <a href=\"https:\/\/www.facebook.com\/hoanghxn\" target=\"_blank\" rel=\"noopener noreferrer nofollow\">Facebook<\/a>, <a href=\"https:\/\/www.youtube.com\/@hoanghxn?sub_confirmation=1\" target=\"_blank\" rel=\"noopener noreferrer nofollow\">YouTube<\/a>, <a href=\"https:\/\/x.com\/hoanghxn\" target=\"_blank\" rel=\"noopener noreferrer nofollow\">X (Or Twitter)<\/a><\/p>\n\n\n\n<p>Kh\u00f3a h\u1ecdc: <a href=\"https:\/\/hoanghxn.com\/vi\/\">L\u00e0m ch\u1ee7 s\u1ef1 nghi\u1ec7p c\u1ee7a b\u1ea1n<\/a><\/p>\n\n\n\n<p>C\u1ed9ng \u0111\u1ed3ng m\u1edbi c\u1ee7a m\u00ecnh: <a href=\"https:\/\/hxn.vn\/\" target=\"_blank\" rel=\"noreferrer noopener\">B\u1ed9 L\u1ea1c HXN<\/a><\/p>\n<\/div>\n<\/div>\n","protected":false},"excerpt":{"rendered":"<p>Trang li\u00ean h\u1ec7 ch\u00ednh th\u1ee9c c\u1ee7a Hoang Hxn \u2013 G\u1eedi tin nh\u1eafn, \u0111\u1eb7t l\u1ecbch t\u01b0 v\u1ea5n ho\u1eb7c h\u1ee3p t\u00e1c \u0111\u1ec3 ph\u00e1t tri\u1ec3n kinh doanh s\u1ed1 m\u1ed9t c\u00e1ch r\u00f5 r\u00e0ng v\u00e0 b\u1ec1n v\u1eefng.<\/p>\n","protected":false},"author":1,"featured_media":9856,"parent":0,"menu_order":0,"comment_status":"closed","ping_status":"closed","template":"","meta":{"_seopress_robots_primary_cat":"","_seopress_titles_title":"Li\u00ean h\u1ec7 Ho\u00e0ng Hxn \u2013 C\u1ed1 v\u1ea5n Kinh doanh S\u1ed1","_seopress_titles_desc":"Trang li\u00ean h\u1ec7 ch\u00ednh th\u1ee9c c\u1ee7a Ho\u00e0ng Hxn \u2013 G\u1eedi tin nh\u1eafn, \u0111\u1eb7t l\u1ecbch t\u01b0 v\u1ea5n ho\u1eb7c h\u1ee3p t\u00e1c \u0111\u1ec3 ph\u00e1t tri\u1ec3n kinh doanh s\u1ed1 m\u1ed9t c\u00e1ch r\u00f5 r\u00e0ng v\u00e0 b\u1ec1n v\u1eefng.","_seopress_robots_index":"","footnotes":""},"coauthors":[17],"class_list":["post-9834","page","type-page","status-publish","has-post-thumbnail","hentry"],"blocksy_meta":{"has_hero_section":"disabled","disable_featured_image":"yes","disable_share_box":"yes","background":{"background_type":"color","background_pattern":"type-1","background_image":{"attachment_id":null,"x":0,"y":0},"gradient":"linear-gradient(135deg,rgba(6,147,227,1) 0%,rgb(155,81,224) 100%)","background_repeat":"repeat","background_size":"auto","background_attachment":"scroll","patternColor":{"default":{"color":"#e5e7ea"}},"overlayColor":{"default":{"color":"CT_CSS_SKIP_RULE"}},"backgroundColor":{"default":{"color":"var(--theme-palette-color-8)"}}},"content_style_source":"custom","vertical_spacing_source":"custom","content_area_spacing":"bottom","styles_descriptor":{"styles":{"desktop":"[data-prefix=\"single_page\"] {background-color:var(--theme-palette-color-8);background-image:none;} [data-prefix=\"single_page\"] [class*=\"ct-container\"] > article[class*=\"post\"] {--has-boxed:var(--false);--has-wide:var(--true);}","tablet":"","mobile":""},"google_fonts":[],"version":6},"page_structure_type":"default"},"ase":null,"_links":{"self":[{"href":"https:\/\/hoanghxn.com\/vi\/wp-json\/wp\/v2\/pages\/9834","targetHints":{"allow":["GET"]}}],"collection":[{"href":"https:\/\/hoanghxn.com\/vi\/wp-json\/wp\/v2\/pages"}],"about":[{"href":"https:\/\/hoanghxn.com\/vi\/wp-json\/wp\/v2\/types\/page"}],"author":[{"embeddable":true,"href":"https:\/\/hoanghxn.com\/vi\/wp-json\/wp\/v2\/users\/1"}],"replies":[{"embeddable":true,"href":"https:\/\/hoanghxn.com\/vi\/wp-json\/wp\/v2\/comments?post=9834"}],"version-history":[{"count":11,"href":"https:\/\/hoanghxn.com\/vi\/wp-json\/wp\/v2\/pages\/9834\/revisions"}],"predecessor-version":[{"id":14065,"href":"https:\/\/hoanghxn.com\/vi\/wp-json\/wp\/v2\/pages\/9834\/revisions\/14065"}],"wp:featuredmedia":[{"embeddable":true,"href":"https:\/\/hoanghxn.com\/vi\/wp-json\/wp\/v2\/media\/9856"}],"wp:attachment":[{"href":"https:\/\/hoanghxn.com\/vi\/wp-json\/wp\/v2\/media?parent=9834"}],"wp:term":[{"taxonomy":"author","embeddable":true,"href":"https:\/\/hoanghxn.com\/vi\/wp-json\/wp\/v2\/coauthors?post=9834"}],"curies":[{"name":"wp","href":"https:\/\/api.w.org\/{rel}","templated":true}]}}