{"id":9998,"date":"2024-10-14T15:50:31","date_gmt":"2024-10-14T08:50:31","guid":{"rendered":"https:\/\/hoanghxn.com\/?page_id=9998"},"modified":"2025-05-27T23:30:49","modified_gmt":"2025-05-27T16:30:49","slug":"chinh-sach-rieng-tu","status":"publish","type":"page","link":"https:\/\/hoanghxn.com\/vi\/chinh-sach-rieng-tu\/","title":{"rendered":"Ch\u00ednh s\u00e1ch ri\u00eang t\u01b0"},"content":{"rendered":"\n<div id=\"chung-toi-la-ai\" class=\"wp-block-group is-layout-constrained wp-block-group-is-layout-constrained\">\n<h2 class=\"wp-block-heading\">Ch\u00fang t\u00f4i l\u00e0 ai<\/h2>\n\n\n\n<p>Website n\u00e0y thu\u1ed9c s\u1edf h\u1eefu v\u00e0 \u0111\u01b0\u1ee3c \u0111i\u1ec1u h\u00e0nh b\u1edfi <strong>Ho\u00e0ng Hxn<\/strong>. \u0110\u1ecba ch\u1ec9 website l\u00e0: <a href=\"https:\/\/hoanghxn.com\/vi\/\">https:\/\/hoanghxn.com<\/a>.<\/p>\n\n\n\n<p>M\u1ecdi th\u1eafc m\u1eafc li\u00ean quan \u0111\u1ebfn quy\u1ec1n ri\u00eang t\u01b0, b\u1ea1n c\u00f3 th\u1ec3 li\u00ean h\u1ec7 qua email: <a href=\"mailto:hotro@hoanghxn.com\"><span style=\"display:inline;unicode-bidi:bidi-override;direction:rtl;\" class=\"\">moc.nxhgnaoh<span style=\"display:none;\">obfsctd-24809d<\/span>&#64;ortoh<\/span><\/a>.<\/p>\n<\/div>\n\n\n\n<div id=\"du-lieu-ca-nhan\" class=\"wp-block-group is-layout-constrained wp-block-group-is-layout-constrained\">\n<h2 class=\"wp-block-heading\">D\u1eef li\u1ec7u c\u00e1 nh\u00e2n ch\u00fang t\u00f4i thu th\u1eadp v\u00e0 l\u00fd do<\/h2>\n\n\n\n<h3 class=\"wp-block-heading\">B\u00ecnh lu\u1eadn<\/h3>\n\n\n\n<p>Khi b\u1ea1n \u0111\u1ec3 l\u1ea1i b\u00ecnh lu\u1eadn tr\u00ean website, ch\u00fang t\u00f4i thu th\u1eadp d\u1eef li\u1ec7u \u0111\u01b0\u1ee3c hi\u1ec3n th\u1ecb trong bi\u1ec3u m\u1eabu b\u00ecnh lu\u1eadn, c\u00f9ng v\u1edbi \u0111\u1ecba ch\u1ec9 IP v\u00e0 th\u00f4ng tin tr\u00ecnh duy\u1ec7t c\u1ee7a b\u1ea1n \u0111\u1ec3 gi\u00fap ph\u00e1t hi\u1ec7n spam.<\/p>\n\n\n\n<p>M\u1ed9t chu\u1ed7i \u1ea9n danh (hash) t\u1eeb email c\u1ee7a b\u1ea1n c\u00f3 th\u1ec3 \u0111\u01b0\u1ee3c g\u1eedi \u0111\u1ebfn d\u1ecbch v\u1ee5 Gravatar \u0111\u1ec3 ki\u1ec3m tra b\u1ea1n c\u00f3 \u0111ang s\u1eed d\u1ee5ng d\u1ecbch v\u1ee5 \u0111\u00f3 kh\u00f4ng. Ch\u00ednh s\u00e1ch ri\u00eang t\u01b0 c\u1ee7a Gravatar: <a href=\"https:\/\/automattic.com\/privacy\/\" target=\"_blank\" rel=\"noopener noreferrer nofollow\">https:\/\/automattic.com\/privacy<\/a>. Sau khi b\u00ecnh lu\u1eadn \u0111\u01b0\u1ee3c duy\u1ec7t, \u1ea3nh \u0111\u1ea1i di\u1ec7n c\u1ee7a b\u1ea1n s\u1ebd hi\u1ec3n th\u1ecb c\u00f4ng khai.<\/p>\n\n\n\n<h3 class=\"wp-block-heading\">Cookie<\/h3>\n\n\n\n<p>N\u1ebfu b\u1ea1n \u0111\u1ec3 l\u1ea1i b\u00ecnh lu\u1eadn, b\u1ea1n c\u00f3 th\u1ec3 ch\u1ecdn l\u01b0u t\u00ean, email v\u00e0 website trong cookie. Cookie n\u00e0y s\u1ebd gi\u00fap b\u1ea1n kh\u00f4ng c\u1ea7n \u0111i\u1ec1n l\u1ea1i th\u00f4ng tin \u1edf nh\u1eefng l\u1ea7n ti\u1ebfp theo. Cookie n\u00e0y t\u1ed3n t\u1ea1i trong v\u00f2ng 1 n\u0103m.<\/p>\n\n\n\n<p>N\u1ebfu b\u1ea1n \u0111\u0103ng nh\u1eadp, ch\u00fang t\u00f4i s\u1ebd t\u1ea1o cookie t\u1ea1m \u0111\u1ec3 ki\u1ec3m tra tr\u00ecnh duy\u1ec7t c\u00f3 ch\u1ea5p nh\u1eadn cookie kh\u00f4ng. Khi \u0111\u0103ng nh\u1eadp, ch\u00fang t\u00f4i s\u1ebd l\u01b0u m\u1ed9t s\u1ed1 cookie \u0111\u1ec3 ghi nh\u1edb th\u00f4ng tin \u0111\u0103ng nh\u1eadp v\u00e0 t\u00f9y ch\u1ecdn hi\u1ec3n th\u1ecb. Cookie \u0111\u0103ng nh\u1eadp t\u1ed3n t\u1ea1i trong 2 ng\u00e0y, cookie t\u00f9y ch\u1ecdn giao di\u1ec7n t\u1ed3n t\u1ea1i 1 n\u0103m. N\u1ebfu ch\u1ecdn \u201cGhi nh\u1edb t\u00f4i\u201d, phi\u00ean \u0111\u0103ng nh\u1eadp s\u1ebd duy tr\u00ec 2 tu\u1ea7n. Khi \u0111\u0103ng xu\u1ea5t, cookie \u0111\u0103ng nh\u1eadp s\u1ebd b\u1ecb x\u00f3a.<\/p>\n\n\n\n<p>N\u1ebfu b\u1ea1n ch\u1ec9nh s\u1eeda ho\u1eb7c \u0111\u0103ng b\u00e0i vi\u1ebft, m\u1ed9t cookie b\u1ed5 sung s\u1ebd \u0111\u01b0\u1ee3c l\u01b0u \u0111\u1ec3 ghi l\u1ea1i ID b\u00e0i vi\u1ebft \u2013 kh\u00f4ng ch\u1ee9a d\u1eef li\u1ec7u c\u00e1 nh\u00e2n v\u00e0 h\u1ebft h\u1ea1n sau 1 ng\u00e0y.<\/p>\n\n\n\n<p>Ch\u00fang t\u00f4i c\u0169ng s\u1eed d\u1ee5ng cookie t\u1eeb c\u00e1c d\u1ecbch v\u1ee5 nh\u01b0 <strong>Google Analytics<\/strong>, <strong>Meta Pixel<\/strong>, ho\u1eb7c c\u00e1c c\u00f4ng c\u1ee5 thu th\u1eadp d\u1eef li\u1ec7u h\u00e0nh vi ng\u01b0\u1eddi d\u00f9ng \u0111\u1ec3 t\u1ed1i \u01b0u h\u00f3a tr\u1ea3i nghi\u1ec7m.<\/p>\n\n\n\n<h3 class=\"wp-block-heading\">N\u1ed9i dung nh\u00fang t\u1eeb website kh\u00e1c<\/h3>\n\n\n\n<p>M\u1ed9t s\u1ed1 b\u00e0i vi\u1ebft c\u00f3 th\u1ec3 bao g\u1ed3m n\u1ed9i dung nh\u00fang nh\u01b0 video, h\u00ecnh \u1ea3nh, b\u00e0i vi\u1ebft t\u1eeb c\u00e1c trang kh\u00e1c. N\u1ed9i dung nh\u00fang ho\u1ea1t \u0111\u1ed9ng gi\u1ed1ng nh\u01b0 b\u1ea1n \u0111ang truy c\u1eadp tr\u1ef1c ti\u1ebfp trang web g\u1ed1c. Nh\u1eefng trang web n\u00e0y c\u00f3 th\u1ec3 thu th\u1eadp d\u1eef li\u1ec7u, s\u1eed d\u1ee5ng cookie v\u00e0 theo d\u00f5i t\u01b0\u01a1ng t\u00e1c c\u1ee7a b\u1ea1n, k\u1ec3 c\u1ea3 khi b\u1ea1n c\u00f3 t\u00e0i kho\u1ea3n v\u00e0 \u0111\u00e3 \u0111\u0103ng nh\u1eadp tr\u00ean trang \u0111\u00f3.<\/p>\n\n\n\n<h3 class=\"wp-block-heading\">Th\u1eddi gian l\u01b0u tr\u1eef d\u1eef li\u1ec7u<\/h3>\n\n\n\n<p>N\u1ebfu b\u1ea1n \u0111\u1ec3 l\u1ea1i b\u00ecnh lu\u1eadn, b\u00ecnh lu\u1eadn v\u00e0 d\u1eef li\u1ec7u li\u00ean quan s\u1ebd \u0111\u01b0\u1ee3c l\u01b0u tr\u1eef v\u00f4 th\u1eddi h\u1ea1n \u0111\u1ec3 c\u00f3 th\u1ec3 nh\u1eadn di\u1ec7n v\u00e0 t\u1ef1 \u0111\u1ed9ng duy\u1ec7t c\u00e1c b\u00ecnh lu\u1eadn ti\u1ebfp theo thay v\u00ec gi\u1eef trong h\u00e0ng ch\u1edd ki\u1ec3m duy\u1ec7t.<\/p>\n\n\n\n<h3 class=\"wp-block-heading\">D\u1eef li\u1ec7u \u0111\u01b0\u1ee3c g\u1eedi \u0111i \u0111\u00e2u<\/h3>\n\n\n\n<p>B\u00ecnh lu\u1eadn c\u1ee7a b\u1ea1n c\u00f3 th\u1ec3 \u0111\u01b0\u1ee3c ki\u1ec3m tra th\u00f4ng qua d\u1ecbch v\u1ee5 ph\u00e1t hi\u1ec7n spam t\u1ef1 \u0111\u1ed9ng nh\u01b0 Akismet.<\/p>\n<\/div>\n\n\n\n<div id=\"affiliate-disclosure\" class=\"wp-block-group is-layout-constrained wp-block-group-is-layout-constrained\">\n<h2 class=\"wp-block-heading\">Ti\u1ebft l\u1ed9 li\u00ean k\u1ebft ti\u1ebfp th\u1ecb (Affiliate Disclosure)<\/h2>\n\n\n\n<p>Hoang Hxn l\u00e0 \u0111\u1ed1i t\u00e1c ti\u1ebfp th\u1ecb (affiliate) c\u1ee7a nhi\u1ec1u c\u00f4ng c\u1ee5, d\u1ecbch v\u1ee5 v\u00e0 s\u1ea3n ph\u1ea9m tr\u1ef1c tuy\u1ebfn. C\u00e1c li\u00ean k\u1ebft tr\u00ean trang web n\u00e0y c\u00f3 th\u1ec3 l\u00e0 li\u00ean k\u1ebft ti\u1ebfp th\u1ecb, v\u00e0 Hoang Hxn c\u00f3 th\u1ec3 nh\u1eadn hoa h\u1ed3ng t\u1eeb c\u00e1c giao d\u1ecbch mua h\u00e0ng \u0111\u01b0\u1ee3c th\u1ef1c hi\u1ec7n b\u1edfi kh\u00e1ch truy c\u1eadp. \u0110\u00e2y l\u00e0 c\u00e1c li\u00ean k\u1ebft qu\u1ea3ng b\u00e1 d\u00f9ng \u0111\u1ec3 theo d\u00f5i \u0111\u01a1n h\u00e0ng v\u00e0 ghi nh\u1eadn hoa h\u1ed3ng cho Hoang Hxn. Vi\u1ec7c n\u00e0y kh\u00f4ng l\u00e0m t\u0103ng th\u00eam chi ph\u00ed cho b\u1ea1n, v\u00e0 m\u1ee5c ti\u00eau c\u1ee7a ch\u00fang t\u00f4i l\u00e0 cung c\u1ea5p nh\u1eefng \u0111\u00e1nh gi\u00e1 v\u00e0 \u0111\u1ec1 xu\u1ea5t t\u1ed1t nh\u1ea5t.<\/p>\n\n\n\n<p>N\u1ed9i dung \u0111\u01b0\u1ee3c \u0111\u0103ng t\u1ea3i tr\u00ean hoanghxn.com v\u00e0 c\u00e1c t\u00e0i li\u1ec7u li\u00ean quan ch\u1ec9 nh\u1eb1m m\u1ee5c \u0111\u00edch cung c\u1ea5p th\u00f4ng tin v\u00e0 gi\u00e1o d\u1ee5c. Ch\u00fang kh\u00f4ng \u0111\u01b0\u1ee3c xem l\u00e0 l\u1eddi khuy\u00ean chuy\u00ean m\u00f4n t\u1eeb c\u00e1c chuy\u00ean gia t\u00e0i ch\u00ednh ho\u1eb7c ph\u00e1p l\u00fd \u0111\u01b0\u1ee3c ch\u1ee9ng nh\u1eadn. Vi\u1ec7c b\u1ea1n d\u1ef1a v\u00e0o th\u00f4ng tin t\u1eeb website ho\u1eb7c c\u00e1c kh\u00f3a h\u1ecdc l\u00e0 ho\u00e0n to\u00e0n do b\u1ea1n t\u1ef1 quy\u1ebft \u0111\u1ecbnh v\u00e0 ch\u1ecbu tr\u00e1ch nhi\u1ec7m. Ch\u00fang t\u00f4i kh\u00f4ng \u0111\u1ea3m b\u1ea3o b\u1ea5t k\u1ef3 k\u1ebft qu\u1ea3 t\u00e0i ch\u00ednh ho\u1eb7c kinh doanh c\u1ee5 th\u1ec3 n\u00e0o.<\/p>\n\n\n\n<p>Khi b\u1ea1n mua h\u00e0ng qua c\u00e1c li\u00ean k\u1ebft n\u00e0y, ch\u00fang t\u00f4i c\u00f3 th\u1ec3 nh\u1eadn \u0111\u01b0\u1ee3c m\u1ed9t kho\u1ea3n hoa h\u1ed3ng \u2013 <strong>kh\u00f4ng t\u0103ng chi ph\u00ed cho b\u1ea1n<\/strong>. M\u1ecdi khuy\u1ebfn ngh\u1ecb \u0111\u01b0\u1ee3c \u0111\u01b0a ra d\u1ef1a tr\u00ean kinh nghi\u1ec7m th\u1ef1c t\u1ebf v\u00e0 m\u1ee5c ti\u00eau mang l\u1ea1i gi\u00e1 tr\u1ecb th\u1ef1c ti\u1ec5n.<\/p>\n\n\n\n<p>N\u1ebfu b\u1ea1n c\u00f3 b\u1ea5t k\u1ef3 c\u00e2u h\u1ecfi n\u00e0o li\u00ean quan \u0111\u1ebfn tuy\u00ean b\u1ed1 mi\u1ec5n tr\u1eeb tr\u00e1ch nhi\u1ec7m n\u00e0y, vui l\u00f2ng li\u00ean h\u1ec7 qua email: <a><span style=\"display:inline;unicode-bidi:bidi-override;direction:rtl;\" class=\"\">moc.nxhgnaoh<span style=\"display:none;\">obfsctd-71a28e<\/span>&#64;ortoh<\/span><\/a>.<\/p>\n<\/div>\n\n\n\n<div id=\"chia-se-mang-xa-hoi\" class=\"wp-block-group is-layout-constrained wp-block-group-is-layout-constrained\">\n<h2 class=\"wp-block-heading\">Chia s\u1ebb m\u1ea1ng x\u00e3 h\u1ed9i<\/h2>\n\n\n\n<p>Trang web c\u00f3 th\u1ec3 t\u00edch h\u1ee3p c\u00e1c c\u00f4ng c\u1ee5 chia s\u1ebb nh\u01b0 n\u00fat &#8220;Th\u00edch&#8221; c\u1ee7a Facebook ho\u1eb7c n\u00fat chia s\u1ebb c\u1ee7a X (Twitter). Vi\u1ec7c s\u1eed d\u1ee5ng nh\u1eefng c\u00f4ng c\u1ee5 n\u00e0y c\u00f3 th\u1ec3 cho ph\u00e9p b\u00ean th\u1ee9 ba thu th\u1eadp th\u00f4ng tin v\u1ec1 h\u00e0nh vi duy\u1ec7t web c\u1ee7a b\u1ea1n. H\u00e3y xem ch\u00ednh s\u00e1ch c\u1ee7a c\u00e1c n\u1ec1n t\u1ea3ng \u0111\u00f3 \u0111\u1ec3 bi\u1ebft th\u00eam chi ti\u1ebft.<\/p>\n<\/div>\n\n\n\n<div id=\"quang-cao-phan-tich\" class=\"wp-block-group is-layout-constrained wp-block-group-is-layout-constrained\">\n<h2 class=\"wp-block-heading\">Qu\u1ea3ng c\u00e1o v\u00e0 ph\u00e2n t\u00edch b\u00ean th\u1ee9 ba<\/h2>\n\n\n\n<p>Ch\u00fang t\u00f4i c\u00f3 th\u1ec3 s\u1eed d\u1ee5ng c\u00e1c d\u1ecbch v\u1ee5 qu\u1ea3ng c\u00e1o v\u00e0 ph\u00e2n t\u00edch c\u1ee7a b\u00ean th\u1ee9 ba \u0111\u1ec3:<\/p>\n\n\n\n<ul class=\"wp-block-list\">\n<li>Hi\u1ec3n th\u1ecb qu\u1ea3ng c\u00e1o ph\u00f9 h\u1ee3p<\/li>\n\n\n\n<li>Ph\u00e2n t\u00edch l\u01b0u l\u01b0\u1ee3ng truy c\u1eadp v\u00e0 h\u00e0nh vi ng\u01b0\u1eddi d\u00f9ng<\/li>\n<\/ul>\n\n\n\n<p>Nh\u1eefng b\u00ean n\u00e0y c\u00f3 th\u1ec3 s\u1eed d\u1ee5ng cookie, pixel, v\u00e0 c\u00e1c c\u00f4ng ngh\u1ec7 t\u01b0\u01a1ng t\u1ef1 \u0111\u1ec3 thu th\u1eadp d\u1eef li\u1ec7u nh\u01b0:<\/p>\n\n\n\n<ul class=\"wp-block-list\">\n<li>\u0110\u1ecba ch\u1ec9 IP<\/li>\n\n\n\n<li>Tr\u00ecnh duy\u1ec7t v\u00e0 thi\u1ebft b\u1ecb<\/li>\n\n\n\n<li>Trang \u0111\u00e3 xem, th\u1eddi gian tr\u00ean trang<\/li>\n\n\n\n<li>Li\u00ean k\u1ebft \u0111\u00e3 b\u1ea5m<\/li>\n<\/ul>\n\n\n\n<p>B\u1ea1n c\u00f3 th\u1ec3 t\u00ecm hi\u1ec3u th\u00eam ho\u1eb7c ch\u1ecdn kh\u00f4ng tham gia qu\u1ea3ng c\u00e1o \u0111\u01b0\u1ee3c c\u00e1 nh\u00e2n h\u00f3a t\u1ea1i <a href=\"https:\/\/www.aboutads.info\/choices\" target=\"_blank\" rel=\"noopener noreferrer nofollow\">www.aboutads.info\/choices<\/a>.<\/p>\n<\/div>\n\n\n\n<div id=\"bao-mat\" class=\"wp-block-group is-layout-constrained wp-block-group-is-layout-constrained\">\n<h2 class=\"wp-block-heading\">B\u1ea3o m\u1eadt<\/h2>\n\n\n\n<p>Ch\u00fang t\u00f4i \u00e1p d\u1ee5ng c\u00e1c bi\u1ec7n ph\u00e1p h\u1ee3p l\u00fd \u0111\u1ec3 b\u1ea3o v\u1ec7 th\u00f4ng tin c\u1ee7a b\u1ea1n kh\u1ecfi m\u1ea5t m\u00e1t, l\u1ea1m d\u1ee5ng, truy c\u1eadp tr\u00e1i ph\u00e9p ho\u1eb7c ti\u1ebft l\u1ed9 kh\u00f4ng mong mu\u1ed1n.<\/p>\n<\/div>\n\n\n\n<div id=\"thong-tin-ban-cung-cap\" class=\"wp-block-group is-layout-constrained wp-block-group-is-layout-constrained\">\n<h2 class=\"wp-block-heading\">Th\u00f4ng tin b\u1ea1n cung c\u1ea5p cho ch\u00fang t\u00f4i<\/h2>\n\n\n\n<p>Ch\u00fang t\u00f4i thu th\u1eadp th\u00f4ng tin b\u1ea1n ch\u1ee7 \u0111\u1ed9ng g\u1eedi \u0111\u1ebfn nh\u01b0:<\/p>\n\n\n\n<ul class=\"wp-block-list\">\n<li>H\u1ecd t\u00ean, \u0111\u1ecba ch\u1ec9 email<\/li>\n\n\n\n<li>Th\u00f4ng tin trong bi\u1ec3u m\u1eabu li\u00ean h\u1ec7 ho\u1eb7c \u0111\u0103ng k\u00fd nh\u1eadn b\u1ea3n tin<\/li>\n\n\n\n<li>L\u1ef1a ch\u1ecdn c\u00e1 nh\u00e2n (ch\u1ee7 \u0111\u1ec1 b\u1ea1n quan t\u00e2m)<\/li>\n\n\n\n<li>D\u1eef li\u1ec7u t\u1eeb bi\u1ec3u m\u1eabu kh\u1ea3o s\u00e1t, ph\u1ea3n h\u1ed3i<\/li>\n<\/ul>\n<\/div>\n\n\n\n<div id=\"hoan-tien\" class=\"wp-block-group is-layout-constrained wp-block-group-is-layout-constrained\">\n<h2 class=\"wp-block-heading\">Ch\u00ednh s\u00e1ch ho\u00e0n ti\u1ec1n (n\u1ebfu \u00e1p d\u1ee5ng)<\/h2>\n\n\n\n<p>N\u1ebfu b\u1ea1n mua s\u1ea3n ph\u1ea9m k\u1ef9 thu\u1eadt s\u1ed1 t\u1eeb Hoanghxn.com (v\u00ed d\u1ee5 nh\u01b0 kh\u00f3a h\u1ecdc, ebook\u2026), ch\u00ednh s\u00e1ch ho\u00e0n ti\u1ec1n c\u1ee5 th\u1ec3 s\u1ebd \u0111\u01b0\u1ee3c n\u00eau r\u00f5 trong trang b\u00e1n h\u00e0ng. N\u1ebfu c\u00f3 y\u00eau c\u1ea7u ho\u00e0n ti\u1ec1n, b\u1ea1n c\u00f3 th\u1ec3 li\u00ean h\u1ec7 qua email: <a href=\"mailto:hotro@hoanghxn.com\"><strong><span style=\"display:inline;unicode-bidi:bidi-override;direction:rtl;\" class=\"\">moc.nxhgnaoh<span style=\"display:none;\">obfsctd-863117<\/span>&#64;ortoh<\/span><\/strong><\/a>.<\/p>\n<\/div>\n\n\n\n<div id=\"cap-nhat-chinh-sach\" class=\"wp-block-group is-layout-constrained wp-block-group-is-layout-constrained\">\n<h2 class=\"wp-block-heading\">C\u1eadp nh\u1eadt ch\u00ednh s\u00e1ch<\/h2>\n\n\n\n<p>Ch\u00ednh s\u00e1ch n\u00e0y c\u00f3 th\u1ec3 \u0111\u01b0\u1ee3c c\u1eadp nh\u1eadt theo th\u1eddi gian \u0111\u1ec3 ph\u00f9 h\u1ee3p v\u1edbi lu\u1eadt ph\u00e1p hi\u1ec7n h\u00e0nh ho\u1eb7c thay \u0111\u1ed5i trong c\u00e1ch ho\u1ea1t \u0111\u1ed9ng c\u1ee7a website. <\/p>\n\n\n\n<div class=\"wp-block-group is-nowrap is-layout-flex wp-container-core-group-is-layout-6c531013 wp-block-group-is-layout-flex\">\n<p>Ng\u00e0y c\u1eadp nh\u1eadt cu\u1ed1i c\u00f9ng:<\/p>\n\n\n<div style=\"font-style:normal;font-weight:500;\" class=\"ct-dynamic-data blockera-block blockera-block-1mshlbp wp-elements-6bee0eb2b785bd86f9295814ef004271\">27\/05\/2025<\/div><\/div>\n<\/div>\n","protected":false},"excerpt":{"rendered":"<p>Ch\u00fang t\u00f4i l\u00e0 ai Website n\u00e0y thu\u1ed9c s\u1edf h\u1eefu v\u00e0 \u0111\u01b0\u1ee3c \u0111i\u1ec1u h\u00e0nh b\u1edfi Ho\u00e0ng Hxn. \u0110\u1ecba ch\u1ec9 website l\u00e0: https:\/\/hoanghxn.com. M\u1ecdi th\u1eafc m\u1eafc li\u00ean quan \u0111\u1ebfn quy\u1ec1n ri\u00eang t\u01b0, b\u1ea1n c\u00f3 th\u1ec3 li\u00ean h\u1ec7 qua email: moc.nxhgnaohobfsctd-1d7555&#64;ortoh. D\u1eef li\u1ec7u c\u00e1 nh\u00e2n ch\u00fang t\u00f4i thu th\u1eadp v\u00e0 l\u00fd do B\u00ecnh lu\u1eadn Khi b\u1ea1n \u0111\u1ec3 l\u1ea1i [&hellip;]<\/p>\n","protected":false},"author":1,"featured_media":0,"parent":0,"menu_order":0,"comment_status":"closed","ping_status":"closed","template":"","meta":{"_seopress_robots_primary_cat":"","_seopress_titles_title":"","_seopress_titles_desc":"","_seopress_robots_index":"yes","footnotes":""},"coauthors":[17],"class_list":["post-9998","page","type-page","status-publish","hentry"],"blocksy_meta":{"page_structure_type":"type-2","styles_descriptor":{"styles":{"desktop":"","tablet":"","mobile":""},"google_fonts":[],"version":6}},"ase":null,"_links":{"self":[{"href":"https:\/\/hoanghxn.com\/vi\/wp-json\/wp\/v2\/pages\/9998","targetHints":{"allow":["GET"]}}],"collection":[{"href":"https:\/\/hoanghxn.com\/vi\/wp-json\/wp\/v2\/pages"}],"about":[{"href":"https:\/\/hoanghxn.com\/vi\/wp-json\/wp\/v2\/types\/page"}],"author":[{"embeddable":true,"href":"https:\/\/hoanghxn.com\/vi\/wp-json\/wp\/v2\/users\/1"}],"replies":[{"embeddable":true,"href":"https:\/\/hoanghxn.com\/vi\/wp-json\/wp\/v2\/comments?post=9998"}],"version-history":[{"count":6,"href":"https:\/\/hoanghxn.com\/vi\/wp-json\/wp\/v2\/pages\/9998\/revisions"}],"predecessor-version":[{"id":10007,"href":"https:\/\/hoanghxn.com\/vi\/wp-json\/wp\/v2\/pages\/9998\/revisions\/10007"}],"wp:attachment":[{"href":"https:\/\/hoanghxn.com\/vi\/wp-json\/wp\/v2\/media?parent=9998"}],"wp:term":[{"taxonomy":"author","embeddable":true,"href":"https:\/\/hoanghxn.com\/vi\/wp-json\/wp\/v2\/coauthors?post=9998"}],"curies":[{"name":"wp","href":"https:\/\/api.w.org\/{rel}","templated":true}]}}